{"id":3691,"date":"2026-01-19T15:03:01","date_gmt":"2026-01-19T15:03:01","guid":{"rendered":"https:\/\/linenleinen.com\/?post_type=product&#038;p=3691"},"modified":"2026-01-19T15:03:01","modified_gmt":"2026-01-19T15:03:01","slug":"linen-apron-linen-towel-with-white-linen-lace","status":"publish","type":"product","link":"https:\/\/linenleinen.com\/lv\/products\/linen-apron-linen-towel-with-white-linen-lace\/","title":{"rendered":"Linen Apron &#038; Linen Towel with White Linen Lace"},"content":{"rendered":"<p>Washed Linen Apron &amp; 1 Towel with White Linen Lace \u2013 Teapot and Cup.<\/p>\n<p>Apron measurements:<\/p>\n<p>Lower part: 60 \u00d7 80 cm<br \/>\nUpper part: 30 \u00d7 40 cm<br \/>\nWaist tie length at the middle: approx. 2 m<br \/>\nTowel measurements:<\/p>\n<p>Fabric with lace (total): 45 \u00d7 83 cm<br \/>\nLace on each side edge: approx. 7 cm wide<br \/>\nFabric color: light grey<br \/>\nLace color: white, pattern \u2013 teapot and cup<\/p>\n<p>SAST\u0100VS:<\/p>\n<p>100% washed linen fabric; 100% linen lace<br \/>\nLinen fabric weight: 240 g\/m\u00b2<br \/>\nMedium-weight linen fabric<\/p>\n<p>CARE:<\/p>\n<p>Machine wash up to 40\u00b0C<br \/>\nDo not tumble dry<br \/>\nIron at medium temperature<\/p>","protected":false},"excerpt":{"rendered":"<p>Washed Linen Apron &amp; 1 Towel with White Linen Lace \u2013 Teapot and Cup. Apron measurements: Lower part: 60 \u00d7 80 cm Upper part: 30 \u00d7 40 cm Waist tie length at the middle: approx. 2 m Towel measurements: Fabric with lace (total): 45 \u00d7 83 cm Lace on each side edge: approx. 7 cm<\/p>\n<div class=\"klb-readmore button link bordered uppercase\"><a class=\"btn btn-primary link\" href=\"https:\/\/linenleinen.com\/lv\/products\/linen-apron-linen-towel-with-white-linen-lace\/\">Read More <i class=\"klbth-icon-right-arrow\"><\/i><\/a><\/div>","protected":false},"featured_media":3692,"comment_status":"open","ping_status":"closed","template":"","meta":{"_acf_changed":false},"product_brand":[],"product_cat":[119],"product_tag":[],"class_list":{"0":"post-3691","1":"product","2":"type-product","3":"status-publish","4":"has-post-thumbnail","6":"product_cat-linen-towel-apron-sets","8":"first","9":"instock","10":"taxable","11":"shipping-taxable","12":"purchasable","13":"product-type-simple"},"acf":[],"_links":{"self":[{"href":"https:\/\/linenleinen.com\/lv\/wp-json\/wp\/v2\/product\/3691","targetHints":{"allow":["GET"]}}],"collection":[{"href":"https:\/\/linenleinen.com\/lv\/wp-json\/wp\/v2\/product"}],"about":[{"href":"https:\/\/linenleinen.com\/lv\/wp-json\/wp\/v2\/types\/product"}],"replies":[{"embeddable":true,"href":"https:\/\/linenleinen.com\/lv\/wp-json\/wp\/v2\/comments?post=3691"}],"wp:featuredmedia":[{"embeddable":true,"href":"https:\/\/linenleinen.com\/lv\/wp-json\/wp\/v2\/media\/3692"}],"wp:attachment":[{"href":"https:\/\/linenleinen.com\/lv\/wp-json\/wp\/v2\/media?parent=3691"}],"wp:term":[{"taxonomy":"product_brand","embeddable":true,"href":"https:\/\/linenleinen.com\/lv\/wp-json\/wp\/v2\/product_brand?post=3691"},{"taxonomy":"product_cat","embeddable":true,"href":"https:\/\/linenleinen.com\/lv\/wp-json\/wp\/v2\/product_cat?post=3691"},{"taxonomy":"product_tag","embeddable":true,"href":"https:\/\/linenleinen.com\/lv\/wp-json\/wp\/v2\/product_tag?post=3691"}],"curies":[{"name":"wp","href":"https:\/\/api.w.org\/{rel}","templated":true}]}}