{"id":3665,"date":"2026-01-08T12:47:20","date_gmt":"2026-01-08T12:47:20","guid":{"rendered":"https:\/\/linenleinen.com\/?post_type=product&#038;p=3665"},"modified":"2026-01-13T19:05:31","modified_gmt":"2026-01-13T19:05:31","slug":"linen-towel-45x70cm-lace-white-flowers","status":"publish","type":"product","link":"https:\/\/linenleinen.com\/lv\/products\/linen-towel-45x70cm-lace-white-flowers\/","title":{"rendered":"Linen towel 45x70cm (lace &#8211; white flowers)"},"content":{"rendered":"<div class=\"highlight-tree-wrapper ng-star-inserted\">\n<div class=\"tld-highlight-tree ng-star-inserted\">Dimensions:<br \/>\n* towel with lace 45 x 70cm<br \/>\n* lace on each side edge, lace width ~7 cm<\/p>\n<p>Auduma kr\u0101sa: gai\u0161i pel\u0113ka<br \/>\nColor of lace: white flowers<\/p>\n<p>SAST\u0100VS:<br \/>\n&#8211; 100% linen fabric; 100% linen lace<br \/>\n&#8211; Linen fabric density 240g\/m2<br \/>\n&#8211; Medium-thick linen fabric<\/p>\n<p>CARE:<br \/>\n&#8211; Wash in a washing machine at 40C &#8211; 60C<br \/>\n&#8211; Do not dry in a tumble dryer<br \/>\n&#8211; Iron at medium temperature<br \/>\nQuantity: 1 towel<\/p><\/div>\n<\/div>","protected":false},"excerpt":{"rendered":"<div class=\"highlight-tree-wrapper ng-star-inserted\"><\/div>\n<p>&nbsp;<\/p>\n<div><\/div>","protected":false},"featured_media":3469,"comment_status":"open","ping_status":"closed","template":"","meta":{"_acf_changed":false},"product_brand":[],"product_cat":[113],"product_tag":[114,115,116],"class_list":{"0":"post-3665","1":"product","2":"type-product","3":"status-publish","4":"has-post-thumbnail","6":"product_cat-kitchen-linen-towels","7":"product_tag-kitchen-linen-towels","8":"product_tag-linen-towels","9":"product_tag-linen-towels-with-lace","11":"first","12":"instock","13":"taxable","14":"shipping-taxable","15":"purchasable","16":"product-type-simple"},"acf":[],"_links":{"self":[{"href":"https:\/\/linenleinen.com\/lv\/wp-json\/wp\/v2\/product\/3665","targetHints":{"allow":["GET"]}}],"collection":[{"href":"https:\/\/linenleinen.com\/lv\/wp-json\/wp\/v2\/product"}],"about":[{"href":"https:\/\/linenleinen.com\/lv\/wp-json\/wp\/v2\/types\/product"}],"replies":[{"embeddable":true,"href":"https:\/\/linenleinen.com\/lv\/wp-json\/wp\/v2\/comments?post=3665"}],"wp:featuredmedia":[{"embeddable":true,"href":"https:\/\/linenleinen.com\/lv\/wp-json\/wp\/v2\/media\/3469"}],"wp:attachment":[{"href":"https:\/\/linenleinen.com\/lv\/wp-json\/wp\/v2\/media?parent=3665"}],"wp:term":[{"taxonomy":"product_brand","embeddable":true,"href":"https:\/\/linenleinen.com\/lv\/wp-json\/wp\/v2\/product_brand?post=3665"},{"taxonomy":"product_cat","embeddable":true,"href":"https:\/\/linenleinen.com\/lv\/wp-json\/wp\/v2\/product_cat?post=3665"},{"taxonomy":"product_tag","embeddable":true,"href":"https:\/\/linenleinen.com\/lv\/wp-json\/wp\/v2\/product_tag?post=3665"}],"curies":[{"name":"wp","href":"https:\/\/api.w.org\/{rel}","templated":true}]}}