{"id":3174,"date":"2025-11-06T20:34:51","date_gmt":"2025-11-06T20:34:51","guid":{"rendered":"https:\/\/linenleinen.com\/?post_type=product&#038;p=3174"},"modified":"2025-11-27T16:30:44","modified_gmt":"2025-11-27T16:30:44","slug":"linen-sauna-set-women-men","status":"publish","type":"product","link":"https:\/\/linenleinen.com\/lv\/products\/linen-sauna-set-women-men\/","title":{"rendered":"Lina pirts komplekts sieviet\u0113m un v\u012brie\u0161iem"},"content":{"rendered":"<p>\u0112rti lina pirtssv\u0101rki sieviet\u0113m ar 10 cm sarkanu lina me\u017e\u0123\u012bni apak\u0161\u0101 un 2 cm platu gumiju aug\u0161pus\u0113 un aizmugur\u0113 no vienas puses uz otru. \u0160o sv\u0101rku dizains \u013cauj regul\u0113t nepiecie\u0161amo apk\u0101rtm\u0113ru aug\u0161pus\u0113 ar gumiju. Apk\u0101rtm\u0113rs aug\u0161pus\u0113, izstiepjot gumiju, sasniedz ~98 cm. Sievie\u0161u pirtssv\u0101rku garums ir 80 cm.<\/p>\n<p>\u0112rti lina pirtssv\u0101rki v\u012brie\u0161iem ar 2 cm platu gumiju priek\u0161pus\u0113 un aizmugur\u0113 no vienas puses uz otru. Apk\u0101rtm\u0113rs pa vidu, izstiepjot gumiju l\u012bdz ~98 cm. V\u012brie\u0161u pirtssv\u0101rku garums ir 60 cm.<\/p>\n<p class=\"translation-block\">SAST\u0100VS:<br>\n\u2013 100% lins; 100% lina me\u017e\u0123\u012bnes<br>\n\u2013 Lina auduma bl\u012bvums 240gr\/m2<br>\n\u2013 Vid\u0113ji biezs lins<\/p>\n<p class=\"translation-block\">KOP\u0160ANA:<br>\n\u2013 Mazg\u0101t ve\u013cas ma\u0161\u012bn\u0101 40C-60C temperat\u016br\u0101<br>\n\u2013 \u017d\u0101v\u0113t ve\u013cas \u017e\u0101v\u0113t\u0101j\u0101 zem\u0101 temperat\u016br\u0101 vai vislab\u0101k neizmantot \u017e\u0101v\u0113t\u0101ju<br>\n\u2013 Gludin\u0101t vid\u0113j\u0101 temperat\u016br\u0101<\/p>\n<p>Izm\u0113rs: M-L. V\u012brie\u0161u pirts sv\u0101rku garums ir 60 cm.<\/p>\n<p>Izm\u0113rs: M-L. Sievie\u0161u pirts kleitas garums ir 80 cm, ieskaitot 10 cm platu me\u017e\u0123\u012bni.<\/p>\n<p>Auduma kr\u0101sa: gai\u0161i pel\u0113ka<\/p>\n<p>Me\u017e\u0123\u012b\u0146u kr\u0101sa: sarkana, me\u017e\u0123\u012b\u0146u raksts \u2013 sirsni\u0146as<\/p>","protected":false},"excerpt":{"rendered":"<p>Comfortable linen sauna skirt for women with 10cm red linen lace at the bottom and a 2cm wide elastic band at the top and back from one side to the other. The design of this skirt allows you to adjust the required circumference at the top with an elastic band. The circumference at the top<\/p>\n<div class=\"klb-readmore button link bordered uppercase\"><a class=\"btn btn-primary link\" href=\"https:\/\/linenleinen.com\/lv\/products\/linen-sauna-set-women-men\/\">Read More <i class=\"klbth-icon-right-arrow\"><\/i><\/a><\/div>","protected":false},"featured_media":3175,"comment_status":"open","ping_status":"closed","template":"","meta":{"_acf_changed":false},"product_brand":[],"product_cat":[86],"product_tag":[88,90,89,87],"class_list":{"0":"post-3174","1":"product","2":"type-product","3":"status-publish","4":"has-post-thumbnail","6":"product_cat-sauna-skirts-for-women-and-men","7":"product_tag-linen-clothes-for-sauna","8":"product_tag-linen-sauna-skirt-for-man","9":"product_tag-linen-sauna-skirt-with-linen-lace-for-woman","10":"product_tag-set-for-woman-and-man-for-sauna-bathroom","12":"first","13":"instock","14":"taxable","15":"shipping-taxable","16":"purchasable","17":"product-type-simple"},"acf":[],"_links":{"self":[{"href":"https:\/\/linenleinen.com\/lv\/wp-json\/wp\/v2\/product\/3174","targetHints":{"allow":["GET"]}}],"collection":[{"href":"https:\/\/linenleinen.com\/lv\/wp-json\/wp\/v2\/product"}],"about":[{"href":"https:\/\/linenleinen.com\/lv\/wp-json\/wp\/v2\/types\/product"}],"replies":[{"embeddable":true,"href":"https:\/\/linenleinen.com\/lv\/wp-json\/wp\/v2\/comments?post=3174"}],"wp:featuredmedia":[{"embeddable":true,"href":"https:\/\/linenleinen.com\/lv\/wp-json\/wp\/v2\/media\/3175"}],"wp:attachment":[{"href":"https:\/\/linenleinen.com\/lv\/wp-json\/wp\/v2\/media?parent=3174"}],"wp:term":[{"taxonomy":"product_brand","embeddable":true,"href":"https:\/\/linenleinen.com\/lv\/wp-json\/wp\/v2\/product_brand?post=3174"},{"taxonomy":"product_cat","embeddable":true,"href":"https:\/\/linenleinen.com\/lv\/wp-json\/wp\/v2\/product_cat?post=3174"},{"taxonomy":"product_tag","embeddable":true,"href":"https:\/\/linenleinen.com\/lv\/wp-json\/wp\/v2\/product_tag?post=3174"}],"curies":[{"name":"wp","href":"https:\/\/api.w.org\/{rel}","templated":true}]}}