{"id":3169,"date":"2025-11-06T20:27:11","date_gmt":"2025-11-06T20:27:11","guid":{"rendered":"https:\/\/linenleinen.com\/?post_type=product&#038;p=3169"},"modified":"2026-01-08T13:27:26","modified_gmt":"2026-01-08T13:27:26","slug":"jersey-knit-decorative-pillow-cover-with-christmas-mice","status":"publish","type":"product","link":"https:\/\/linenleinen.com\/lv\/products\/jersey-knit-decorative-pillow-cover-with-christmas-mice\/","title":{"rendered":"D\u017eempera ad\u012bjuma dekorat\u012bvais spilvena p\u0101rvalks ar Ziemassv\u0113tku pel\u0113m"},"content":{"rendered":"<p>Da\u017e\u0101du formu, izm\u0113ru un tekst\u016bru dekorat\u012bvie spilveni ir efekt\u012bvs veids, k\u0101 personaliz\u0113t m\u0113beles j\u016bsu m\u0101j\u0101s. \u0160\u012b dizaina spilvendr\u0101na ir paredz\u0113ta istabas interjeram uz d\u012bv\u0101na vai gu\u013camistab\u0101. Spilvendr\u0101na ir no\u0146emama un mazg\u0101jama.<\/p>\n<p>Dizains: 1 dekorat\u012bva spilvendr\u0101na 45 x 45 cm ar r\u0101v\u0113jsl\u0113dz\u0113ju, pild\u012bjums ir 100% poliesters. Viena spilvendr\u0101nas puse ir ad\u012bta ar peles Ziemassv\u0113tku rakstu, bet otra puse ir no lina auduma, kr\u0101s\u0101 \u2013 sinepju dzeltena. Sl\u0113pts r\u0101v\u0113jsl\u0113dz\u0113js, kr\u0101sa \u2013 sinepju dzeltena.<\/p>\n<p>Dekorat\u012bv\u0101s spilvendr\u0101nas iek\u0161pus\u0113 ir spilvens ar 100% poliestera pild\u012bjumu, kr\u0101sa \u2013 balta (1. att\u0113ls)<\/p>\n<p>Spilvendr\u0101na ir \u0161\u016bta no mazg\u0101ta lina auduma (biez\u0101ka), kas ir m\u012bkst\u0101ks un pat\u012bkam\u0101ks \u0101dai, tas ir ekolo\u0123isks un antiseptisks. Mazg\u0101t\u0101 lina auduma bl\u012bvums ir 240 g\/m2. Pateicoties \u0161im vid\u0113ja bl\u012bvuma audumam, gultas ve\u013cas kvalit\u0101te lieto\u0161anas laik\u0101 un p\u0113c mazg\u0101\u0161anas nemain\u0101s.<\/p>\n<p class=\"translation-block\">SAST\u0100VS:<br>\n\u2013 100% lina audums (mazg\u0101ts lins)<br>\n\u2013 100% trikot\u0101\u017eas audums (kokvilna 95%, elast\u0101ns 5%)<br>\n\u2013 Auduma bl\u012bvums 240 g\/m2 (vid\u0113ji biezs audums)<\/p>\n<p class=\"translation-block\">KOP\u0160ANA:<br>\n\u2013 Mazg\u0101t ve\u013cas ma\u0161\u012bn\u0101 l\u012bdz 40\u00b0C temperat\u016br\u0101<br>\n\u2013 \u017d\u0101v\u0113t ve\u013cas \u017e\u0101v\u0113t\u0101j\u0101 zem\u0101 temperat\u016br\u0101<br>\n\u2013 Gludin\u0101t vid\u0113j\u0101 temperat\u016br\u0101<\/p>\n<p>Daudzums: 1 spilvendr\u0101na<\/p>","protected":false},"excerpt":{"rendered":"<p>Different shapes, sizes and textures of decorative pillows are an effective way to personalize furniture in your home. This design pillowcase is designed for room interior on a sofa or in a bedroom. The pillowcase is removable and washable. Design: 1 piece of decorative pillowcase 45 x 45cm with a zipper and the filling is<\/p>\n<div class=\"klb-readmore button link bordered uppercase\"><a class=\"btn btn-primary link\" href=\"https:\/\/linenleinen.com\/lv\/products\/jersey-knit-decorative-pillow-cover-with-christmas-mice\/\">Read More <i class=\"klbth-icon-right-arrow\"><\/i><\/a><\/div>","protected":false},"featured_media":3170,"comment_status":"open","ping_status":"closed","template":"","meta":{"_acf_changed":false},"product_brand":[],"product_cat":[84],"product_tag":[77,85,78],"class_list":{"0":"post-3169","1":"product","2":"type-product","3":"status-publish","4":"has-post-thumbnail","6":"product_cat-christmas-gifts","7":"product_tag-decorative-linen-pillowcase","8":"product_tag-decorative-linen-pillowcase-christmas","9":"product_tag-decorative-linen-pillowcase-with-zipper","11":"first","12":"instock","13":"taxable","14":"shipping-taxable","15":"purchasable","16":"product-type-simple"},"acf":[],"_links":{"self":[{"href":"https:\/\/linenleinen.com\/lv\/wp-json\/wp\/v2\/product\/3169","targetHints":{"allow":["GET"]}}],"collection":[{"href":"https:\/\/linenleinen.com\/lv\/wp-json\/wp\/v2\/product"}],"about":[{"href":"https:\/\/linenleinen.com\/lv\/wp-json\/wp\/v2\/types\/product"}],"replies":[{"embeddable":true,"href":"https:\/\/linenleinen.com\/lv\/wp-json\/wp\/v2\/comments?post=3169"}],"wp:featuredmedia":[{"embeddable":true,"href":"https:\/\/linenleinen.com\/lv\/wp-json\/wp\/v2\/media\/3170"}],"wp:attachment":[{"href":"https:\/\/linenleinen.com\/lv\/wp-json\/wp\/v2\/media?parent=3169"}],"wp:term":[{"taxonomy":"product_brand","embeddable":true,"href":"https:\/\/linenleinen.com\/lv\/wp-json\/wp\/v2\/product_brand?post=3169"},{"taxonomy":"product_cat","embeddable":true,"href":"https:\/\/linenleinen.com\/lv\/wp-json\/wp\/v2\/product_cat?post=3169"},{"taxonomy":"product_tag","embeddable":true,"href":"https:\/\/linenleinen.com\/lv\/wp-json\/wp\/v2\/product_tag?post=3169"}],"curies":[{"name":"wp","href":"https:\/\/api.w.org\/{rel}","templated":true}]}}