{"id":3157,"date":"2025-11-06T20:06:59","date_gmt":"2025-11-06T20:06:59","guid":{"rendered":"https:\/\/linenleinen.com\/?post_type=product&#038;p=3157"},"modified":"2026-03-31T20:48:17","modified_gmt":"2026-03-31T20:48:17","slug":"linen-pillowcase-colorful-circles","status":"publish","type":"product","link":"https:\/\/linenleinen.com\/lv\/products\/linen-pillowcase-colorful-circles\/","title":{"rendered":"Lina spilvendr\u0101na p\u0101rvalks Kr\u0101saini ap\u013ci"},"content":{"rendered":"<p>Da\u017e\u0101du formu, izm\u0113ru un tekst\u016bru dekorat\u012bvie spilveni un spilvendr\u0101nas ir efekt\u012bvs veids, k\u0101 personaliz\u0113t m\u0113beles j\u016bsu m\u0101j\u0101s. \u0160\u012b dizaina spilvendr\u0101na ir paredz\u0113ta gan viesistabas, gan gu\u013camistabas interjeram un to var izmantot gul\u0113\u0161anai, jo t\u0101 ir izgatavota no augst\u0101k\u0101s kvalit\u0101tes materi\u0101liem. Spilvendr\u0101na ir no\u0146emama un mazg\u0101jama.<\/p>\n<p>Dizains: Mazg\u0101ta lina spilvendr\u0101na 40 x 60 cm ar 20 cm apak\u0161malu. Viena spilvendr\u0101nas puse ir ad\u012bta ar rakstu \u2013 kr\u0101sainiem ap\u013ciem, bet otra puse ir no lina auduma \u2013 dzeltena.<\/p>\n<p>Spilvendr\u0101nas ir \u0161\u016btas no mazg\u0101ta lina auduma (biez\u0101ka), kas ir m\u012bkst\u0101ks un pat\u012bkam\u0101ks \u0101dai, tas ir ekolo\u0123isks un antiseptisks. Mazg\u0101ta lina auduma bl\u012bvums ir 240 g\/m2. Pateicoties \u0161im vid\u0113ji cietajam auduma bl\u012bvumam, gultas ve\u013cas kvalit\u0101te lieto\u0161anas laik\u0101 un p\u0113c mazg\u0101\u0161anas nemain\u0101s.<\/p>\n<p class=\"translation-block\">SAST\u0100VS:<br>\n\u2013 100% lina audums (mazg\u0101ts lins)<br>\n\u2013 100% trikot\u0101\u017eas audums (kokvilna 95%, elast\u0101ns 5%)<br>\n\u2013 Auduma bl\u012bvums 240 g\/m2 (vid\u0113ji biezs audums)<\/p>\n<p class=\"translation-block\">KOP\u0160ANA:<br>\n\u2013 Mazg\u0101t ve\u013cas ma\u0161\u012bn\u0101 l\u012bdz 40\u00b0C temperat\u016br\u0101<br>\n\u2013 \u017d\u0101v\u0113t ve\u013cas \u017e\u0101v\u0113t\u0101j\u0101 zem\u0101 temperat\u016br\u0101<br>\n\u2013 Gludin\u0101t vid\u0113j\u0101 temperat\u016br\u0101<\/p>\n<p>Daudzums: 1 spilvendr\u0101na<\/p>","protected":false},"excerpt":{"rendered":"<p>Different shapes, sizes and textures of decorative pillows and pillowcases are an effective way to personalize furniture in your home. This designer pillowcase is intended for both living room and bedroom interiors and can be used for sleeping, as it is made of the highest quality materials. The pillowcase is removable and washable. Design: Washed<\/p>\n<div class=\"klb-readmore button link bordered uppercase\"><a class=\"btn btn-primary link\" href=\"https:\/\/linenleinen.com\/lv\/products\/linen-pillowcase-colorful-circles\/\">Read More <i class=\"klbth-icon-right-arrow\"><\/i><\/a><\/div>","protected":false},"featured_media":3158,"comment_status":"open","ping_status":"closed","template":"","meta":{"_acf_changed":false},"product_brand":[],"product_cat":[81],"product_tag":[82,83],"class_list":{"0":"post-3157","1":"product","2":"type-product","3":"status-publish","4":"has-post-thumbnail","6":"product_cat-linen-bedding-for-infants-kids","7":"product_tag-linen-bedding-for-babies-children-and-teenagers","8":"product_tag-linen-pillowcases-with-designs","10":"first","11":"instock","12":"taxable","13":"shipping-taxable","14":"purchasable","15":"product-type-simple"},"acf":[],"_links":{"self":[{"href":"https:\/\/linenleinen.com\/lv\/wp-json\/wp\/v2\/product\/3157","targetHints":{"allow":["GET"]}}],"collection":[{"href":"https:\/\/linenleinen.com\/lv\/wp-json\/wp\/v2\/product"}],"about":[{"href":"https:\/\/linenleinen.com\/lv\/wp-json\/wp\/v2\/types\/product"}],"replies":[{"embeddable":true,"href":"https:\/\/linenleinen.com\/lv\/wp-json\/wp\/v2\/comments?post=3157"}],"wp:featuredmedia":[{"embeddable":true,"href":"https:\/\/linenleinen.com\/lv\/wp-json\/wp\/v2\/media\/3158"}],"wp:attachment":[{"href":"https:\/\/linenleinen.com\/lv\/wp-json\/wp\/v2\/media?parent=3157"}],"wp:term":[{"taxonomy":"product_brand","embeddable":true,"href":"https:\/\/linenleinen.com\/lv\/wp-json\/wp\/v2\/product_brand?post=3157"},{"taxonomy":"product_cat","embeddable":true,"href":"https:\/\/linenleinen.com\/lv\/wp-json\/wp\/v2\/product_cat?post=3157"},{"taxonomy":"product_tag","embeddable":true,"href":"https:\/\/linenleinen.com\/lv\/wp-json\/wp\/v2\/product_tag?post=3157"}],"curies":[{"name":"wp","href":"https:\/\/api.w.org\/{rel}","templated":true}]}}