{"id":3153,"date":"2025-11-06T19:56:32","date_gmt":"2025-11-06T19:56:32","guid":{"rendered":"https:\/\/linenleinen.com\/?post_type=product&#038;p=3153"},"modified":"2026-03-31T20:48:02","modified_gmt":"2026-03-31T20:48:02","slug":"linen-pillowcase-kittens-on-grey-45-x-45-cm","status":"publish","type":"product","link":"https:\/\/linenleinen.com\/lv\/products\/linen-pillowcase-kittens-on-grey-45-x-45-cm\/","title":{"rendered":"Lina spilvendr\u0101na p\u0101rvalks Ka\u0137\u0113ni pel\u0113k\u0101 kr\u0101s\u0101"},"content":{"rendered":"<p>\u0160\u012b dizaina spilvendr\u0101na ir paredz\u0113ta b\u0113rnu gu\u013camistabas interjeram vai uz d\u012bv\u0101na b\u0113rnu istab\u0101 un to var izmantot gul\u0113\u0161anai, jo t\u0101 ir izgatavota no augst\u0101k\u0101s kvalit\u0101tes materi\u0101liem.<\/p>\n<p>Dizains: 1 dekorat\u012bva spilvendr\u0101na 45 x 45 cm ar r\u0101v\u0113jsl\u0113dz\u0113ju. Viena spilvendr\u0101nas puse ir ad\u012bta ar rakstu \u2013 ka\u0137\u0113ni pel\u0113k\u0101 kr\u0101s\u0101, bet otra puse ir no lina auduma, kr\u0101sa \u2013 gai\u0161i zila. Var izmantot gul\u0113\u0161anai, jo ir izgatavota no augst\u0101k\u0101s kvalit\u0101tes materi\u0101liem un spilvendr\u0101na ir no\u0146emama\/mazg\u0101jama.<\/p>\n<p class=\"translation-block\">SAST\u0100VS:<br>\n\u2013 100% lina audums (mazg\u0101ts lins)<br>\n\u2013 100% trikot\u0101\u017eas audums (kokvilna 95%, elast\u0101ns 5%)<br>\n\u2013 Auduma bl\u012bvums 240 g\/m2 (vid\u0113ji biezs audums)<\/p>\n<p class=\"translation-block\">KOP\u0160ANA:<br>\n\u2013 Mazg\u0101t ve\u013cas ma\u0161\u012bn\u0101 l\u012bdz 40\u00b0C temperat\u016br\u0101<br>\n\u2013 \u017d\u0101v\u0113t zem\u0101 temperat\u016br\u0101<br>\n\u2013 Gludin\u0101t vid\u0113j\u0101 temperat\u016br\u0101<\/p>","protected":false},"excerpt":{"rendered":"<p>This design pillowcase is intended for the interior of a children&#8217;s bedroom or on a sofa in a children&#8217;s room and can be used for sleeping, as it is made of the highest quality materials. Design: 1 piece of decorative pillowcase 45 x 45cm with a zipper. One side of the pillowcase is knitted with<\/p>\n<div class=\"klb-readmore button link bordered uppercase\"><a class=\"btn btn-primary link\" href=\"https:\/\/linenleinen.com\/lv\/products\/linen-pillowcase-kittens-on-grey-45-x-45-cm\/\">Read More <i class=\"klbth-icon-right-arrow\"><\/i><\/a><\/div>","protected":false},"featured_media":3154,"comment_status":"open","ping_status":"closed","template":"","meta":{"_acf_changed":false},"product_brand":[],"product_cat":[76],"product_tag":[77,78],"class_list":{"0":"post-3153","1":"product","2":"type-product","3":"status-publish","4":"has-post-thumbnail","6":"product_cat-linen-pillowcases-with-a-design","7":"product_tag-decorative-linen-pillowcase","8":"product_tag-decorative-linen-pillowcase-with-zipper","10":"first","11":"instock","12":"taxable","13":"shipping-taxable","14":"purchasable","15":"product-type-simple"},"acf":[],"_links":{"self":[{"href":"https:\/\/linenleinen.com\/lv\/wp-json\/wp\/v2\/product\/3153","targetHints":{"allow":["GET"]}}],"collection":[{"href":"https:\/\/linenleinen.com\/lv\/wp-json\/wp\/v2\/product"}],"about":[{"href":"https:\/\/linenleinen.com\/lv\/wp-json\/wp\/v2\/types\/product"}],"replies":[{"embeddable":true,"href":"https:\/\/linenleinen.com\/lv\/wp-json\/wp\/v2\/comments?post=3153"}],"wp:featuredmedia":[{"embeddable":true,"href":"https:\/\/linenleinen.com\/lv\/wp-json\/wp\/v2\/media\/3154"}],"wp:attachment":[{"href":"https:\/\/linenleinen.com\/lv\/wp-json\/wp\/v2\/media?parent=3153"}],"wp:term":[{"taxonomy":"product_brand","embeddable":true,"href":"https:\/\/linenleinen.com\/lv\/wp-json\/wp\/v2\/product_brand?post=3153"},{"taxonomy":"product_cat","embeddable":true,"href":"https:\/\/linenleinen.com\/lv\/wp-json\/wp\/v2\/product_cat?post=3153"},{"taxonomy":"product_tag","embeddable":true,"href":"https:\/\/linenleinen.com\/lv\/wp-json\/wp\/v2\/product_tag?post=3153"}],"curies":[{"name":"wp","href":"https:\/\/api.w.org\/{rel}","templated":true}]}}