{"id":3150,"date":"2025-11-06T19:43:33","date_gmt":"2025-11-06T19:43:33","guid":{"rendered":"https:\/\/linenleinen.com\/?post_type=product&#038;p=3150"},"modified":"2026-03-31T20:48:33","modified_gmt":"2026-03-31T20:48:33","slug":"two-linen-pillowcases-set","status":"publish","type":"product","link":"https:\/\/linenleinen.com\/lv\/products\/two-linen-pillowcases-set\/","title":{"rendered":"Divu linu spilvendr\u0101nu komplekts"},"content":{"rendered":"<div>Mazg\u0101tas lina spilvendr\u0101nas 50 \u00d7 70 cm \u2014 2 gab. komplekts (25 cm aproce).<\/div>\n<div>Dizains: Divas spilvendr\u0101nas, kas izgatavotas no mazg\u0101ta lina (biez\u0101ka, m\u012bkst\u0101ka, \u0101dai draudz\u012bga). Auduma svars 240 g\/m\u00b2 (vid\u0113ji biezs) nodro\u0161ina, ka spilvendr\u0101nas saglab\u0101 savu kvalit\u0101ti regul\u0101ras lieto\u0161anas un mazg\u0101\u0161anas laik\u0101. Dab\u012bgais lins ir elpojo\u0161s un \u0113rts pret \u0101du.<\/div>\n<p class=\"translation-block\">SAST\u0100VS:<br>\n\u2013 100% lina audums (mazg\u0101ts lins)<br>\n\u2013 Auduma bl\u012bvums 240 g\/m2 (vid\u0113ji biezs audums)<\/p>\n<p class=\"translation-block\">KOP\u0160ANA:<br>\n\u2013 Mazg\u0101t ve\u013cas ma\u0161\u012bn\u0101 40\u00b0C\u201360\u00b0C temperat\u016br\u0101<br>\n\u2013 \u017d\u0101v\u0113t zem\u0101 temperat\u016br\u0101<br>\n\u2013 Gludin\u0101t vid\u0113j\u0101 temperat\u016br\u0101<\/p>\n<p>Daudzums: 2 spilvendr\u0101nas\/komplekts<\/p>","protected":false},"excerpt":{"rendered":"<p>Washed linen pillowcases 50\u00d770 cm \u2014 set of 2 (25 cm cuff) Design: Two pillowcases made from washed linen (thicker, softer, skin-friendly). Fabric weight 240 g\/m\u00b2 (medium weight) ensures the pillowcases keep their quality through regular use and washing. Natural linen is breathable and comfortable against the skin. COMPOSITION: \u2013 100% linen fabric (washed linen)<\/p>\n<div class=\"klb-readmore button link bordered uppercase\"><a class=\"btn btn-primary link\" href=\"https:\/\/linenleinen.com\/lv\/products\/two-linen-pillowcases-set\/\">Read More <i class=\"klbth-icon-right-arrow\"><\/i><\/a><\/div>","protected":false},"featured_media":3151,"comment_status":"open","ping_status":"closed","template":"","meta":{"_acf_changed":false},"product_brand":[],"product_cat":[72],"product_tag":[73,74,75],"class_list":{"0":"post-3150","1":"product","2":"type-product","3":"status-publish","4":"has-post-thumbnail","6":"product_cat-linen-bed-sheets-pillowcases","7":"product_tag-linen-pillowcases","8":"product_tag-linen-pillowcases-with-folk-ribbon","9":"product_tag-softened-linen-pillowcases","11":"first","12":"outofstock","13":"taxable","14":"shipping-taxable","15":"purchasable","16":"product-type-variable"},"acf":[],"_links":{"self":[{"href":"https:\/\/linenleinen.com\/lv\/wp-json\/wp\/v2\/product\/3150","targetHints":{"allow":["GET"]}}],"collection":[{"href":"https:\/\/linenleinen.com\/lv\/wp-json\/wp\/v2\/product"}],"about":[{"href":"https:\/\/linenleinen.com\/lv\/wp-json\/wp\/v2\/types\/product"}],"replies":[{"embeddable":true,"href":"https:\/\/linenleinen.com\/lv\/wp-json\/wp\/v2\/comments?post=3150"}],"wp:featuredmedia":[{"embeddable":true,"href":"https:\/\/linenleinen.com\/lv\/wp-json\/wp\/v2\/media\/3151"}],"wp:attachment":[{"href":"https:\/\/linenleinen.com\/lv\/wp-json\/wp\/v2\/media?parent=3150"}],"wp:term":[{"taxonomy":"product_brand","embeddable":true,"href":"https:\/\/linenleinen.com\/lv\/wp-json\/wp\/v2\/product_brand?post=3150"},{"taxonomy":"product_cat","embeddable":true,"href":"https:\/\/linenleinen.com\/lv\/wp-json\/wp\/v2\/product_cat?post=3150"},{"taxonomy":"product_tag","embeddable":true,"href":"https:\/\/linenleinen.com\/lv\/wp-json\/wp\/v2\/product_tag?post=3150"}],"curies":[{"name":"wp","href":"https:\/\/api.w.org\/{rel}","templated":true}]}}