{"id":3146,"date":"2025-11-06T19:23:10","date_gmt":"2025-11-06T19:23:10","guid":{"rendered":"https:\/\/linenleinen.com\/?post_type=product&#038;p=3146"},"modified":"2026-03-31T20:47:39","modified_gmt":"2026-03-31T20:47:39","slug":"linen-bedding-set-for-a-double-bed","status":"publish","type":"product","link":"https:\/\/linenleinen.com\/lv\/products\/linen-bedding-set-for-a-double-bed\/","title":{"rendered":"Gultas ve\u013cas komplekts divgu\u013camai gultai"},"content":{"rendered":"<p><strong>Lina gultasve\u013cas komplekts divgu\u013camajai gultai \u2014 palags nav iek\u013cauts<\/strong><\/p>\n<p>Gultas ve\u013cas komplekts ir \u0161\u016bts no mazg\u0101ta lina auduma (biez\u0101ka), kas ir m\u012bkst\u0101ks un pat\u012bkam\u0101ks \u0101dai. Mazg\u0101ta lina auduma bl\u012bvums ir 240 g\/m2. Pateicoties \u0161im vid\u0113ji cietajam auduma bl\u012bvumam, gultas ve\u013cas kvalit\u0101te lieto\u0161anas laik\u0101 un p\u0113c mazg\u0101\u0161anas nemain\u0101s.<\/p>\n<p class=\"translation-block\">SAST\u0100VS:<br>\n\u2013 100% lina audums (mazg\u0101ts lins)<br>\n\u2013 Lina\/kokvilnas lente<br>\n\u2013 Auduma bl\u012bvums 240 g\/m2<\/p>\n<p class=\"translation-block\">KOP\u0160ANA:<br>\n\u2013 Mazg\u0101t ve\u013cas ma\u0161\u012bn\u0101 40\u00b0C\u201360\u00b0C temperat\u016br\u0101<br>\n\u2013 \u017d\u0101v\u0113t ve\u013cas \u017e\u0101v\u0113t\u0101j\u0101 zem\u0101 temperat\u016br\u0101<br>\n\u2013 Gludin\u0101t vid\u0113j\u0101 temperat\u016br\u0101<\/p>\n<p class=\"translation-block\">Gultas ve\u013cas dizains un aizdares veids:<br>\n* Sega tiek izvilkta caur atveri p\u0101rvalka apak\u0161\u0101, un 1 cm plata lentes aizdare ne\u013cauj segai izsl\u012bd\u0113t no p\u0101rvalka<br>\n* Spilvendr\u0101nai ir dzi\u013ca ieloce ~20 cm, kas pasl\u0113pj spilvenu atv\u0113rtaj\u0101 gal\u0101 un spilvens neb\u016bs redzams, k\u0101 ar\u012b 1 cm plata lentes aizdare spilvendr\u0101nas galos ne\u013cauj spilvenam izsl\u012bd\u0113t no spilvendr\u0101nas<\/p>\n<p class=\"translation-block\">Gultas ve\u013cas puskomplekt\u0101 (komplekt\u0101 bez palaga) ietilpst:<br>* 1 virspalags 200x200cm ar tautisku lent\u012b\u0161u dekoru segas p\u0101rvalkam aug\u0161pus\u0113 ab\u0101s pus\u0113s un 1 cm platu tautisku lent\u012b\u0161u aizdari segas p\u0101rvalka galos<br>* 2 spilvendr\u0101nas 50x70cm ar tautisku lent\u012b\u0161u dekoru. Uz spilvendr\u0101nas 1 cm plata tautiska lent\u012bte vertik\u0101li vien\u0101 pus\u0113 un tautisku lent\u012b\u0161u saites spilvendr\u0101nas galos (raksts \u2013 sarkanas un baltas ausis)<\/p>\n<p>Kr\u0101sa \u2013 balta<\/p>","protected":false},"excerpt":{"rendered":"<p>Linen bedding set for a double bed \u2014 sheet not included The bed linen set is sewn from washed linen fabric (thicker), which is softer and more pleasant to the skin. The density of washed linen fabric is 240 g\/m2. Thanks to this medium-hard fabric density, the quality of the bed linen remains unchanged during<\/p>\n<div class=\"klb-readmore button link bordered uppercase\"><a class=\"btn btn-primary link\" href=\"https:\/\/linenleinen.com\/lv\/products\/linen-bedding-set-for-a-double-bed\/\">Read More <i class=\"klbth-icon-right-arrow\"><\/i><\/a><\/div>","protected":false},"featured_media":3147,"comment_status":"open","ping_status":"closed","template":"","meta":{"_acf_changed":false},"product_brand":[],"product_cat":[15],"product_tag":[67,71,69,68,70],"class_list":{"0":"post-3146","1":"product","2":"type-product","3":"status-publish","4":"has-post-thumbnail","6":"product_cat-uncategorized","7":"product_tag-bed-linen","8":"product_tag-full-bed-linen-set","9":"product_tag-linen","10":"product_tag-linen-bed-linen","11":"product_tag-softened-linen-bed-linen","13":"first","14":"instock","15":"taxable","16":"shipping-taxable","17":"purchasable","18":"product-type-simple"},"acf":[],"_links":{"self":[{"href":"https:\/\/linenleinen.com\/lv\/wp-json\/wp\/v2\/product\/3146","targetHints":{"allow":["GET"]}}],"collection":[{"href":"https:\/\/linenleinen.com\/lv\/wp-json\/wp\/v2\/product"}],"about":[{"href":"https:\/\/linenleinen.com\/lv\/wp-json\/wp\/v2\/types\/product"}],"replies":[{"embeddable":true,"href":"https:\/\/linenleinen.com\/lv\/wp-json\/wp\/v2\/comments?post=3146"}],"wp:featuredmedia":[{"embeddable":true,"href":"https:\/\/linenleinen.com\/lv\/wp-json\/wp\/v2\/media\/3147"}],"wp:attachment":[{"href":"https:\/\/linenleinen.com\/lv\/wp-json\/wp\/v2\/media?parent=3146"}],"wp:term":[{"taxonomy":"product_brand","embeddable":true,"href":"https:\/\/linenleinen.com\/lv\/wp-json\/wp\/v2\/product_brand?post=3146"},{"taxonomy":"product_cat","embeddable":true,"href":"https:\/\/linenleinen.com\/lv\/wp-json\/wp\/v2\/product_cat?post=3146"},{"taxonomy":"product_tag","embeddable":true,"href":"https:\/\/linenleinen.com\/lv\/wp-json\/wp\/v2\/product_tag?post=3146"}],"curies":[{"name":"wp","href":"https:\/\/api.w.org\/{rel}","templated":true}]}}