{"id":3135,"date":"2025-11-06T18:54:19","date_gmt":"2025-11-06T18:54:19","guid":{"rendered":"https:\/\/linenleinen.com\/?page_id=3135"},"modified":"2025-11-06T19:02:08","modified_gmt":"2025-11-06T19:02:08","slug":"products-made-from-linen-fabric","status":"publish","type":"page","link":"https:\/\/linenleinen.com\/lv\/products-made-from-linen-fabric\/","title":{"rendered":"Izstr\u0101d\u0101jumi no lina auduma"},"content":{"rendered":"<h1 class=\"wp-block-heading\">APR\u016aPE<\/h1>\n\n\n\n<ul class=\"wp-block-list\">\n<li><strong>Mazg\u0101t ve\u013cas ma\u0161\u012bn\u0101 40 \u00b0C temperat\u016br\u0101<\/strong><\/li>\n\n\n\n<li class=\"translation-block\"><strong>\u017d\u0101v\u0113t ve\u013cas \u017e\u0101v\u0113t\u0101j\u0101 ar zemu temperat\u016bru<\/strong> vai, v\u0113lams, <strong>neizmantot \u017e\u0101v\u0113t\u0101ju<\/strong><\/li>\n\n\n\n<li><strong>Gludin\u0101t vid\u0113j\u0101 temperat\u016br\u0101<\/strong><\/li>\n\n\n\n<li><strong>Tvaika gludeklis l\u012bdz 220 \u00b0C<\/strong><\/li>\n\n\n\n<li><strong>Nebalin\u0101t<\/strong><\/li>\n<\/ul>\n\n\n\n<h1 class=\"wp-block-heading\">PAPILDINFORM\u0100CIJA PAR APR\u016aPI<\/h1>\n\n\n\n<p class=\"translation-block\">Lina ap\u0123\u0113rbi ir viegli kopjami \u2014 tos <strong>var mazg\u0101t jebkur\u0101 temperat\u016br\u0101<\/strong>, pat <strong>v\u0101r\u012bt<\/strong>; tie \u0101tri \u017e\u016bst un <strong>var gludin\u0101t jebkur\u0101 temperat\u016br\u0101<\/strong>, lai gan <strong>p\u0113c mazg\u0101\u0161anas tie ir j\u0101gludina<\/strong>. Lina audums ir iztur\u012bgs, labi uzs\u016bc mitrumu un \u0101tri \u017e\u016bst. M\u0113s <strong>iesak\u0101m nemazg\u0101t ve\u013cu ar rok\u0101m<\/strong>, jo slapj\u0161 ve\u013ca k\u013c\u016bst smaga un gr\u016bti apstr\u0101d\u0101jama, kas var sare\u017e\u0123\u012bt procesu.<br>Izv\u0113lieties mazg\u0101\u0161anas temperat\u016bru, pamatojoties uz ap\u0123\u0113rba <strong>apdari<\/strong>; parasti lina ap\u0123\u0113rbus mazg\u0101jiet ve\u013cas ma\u0161\u012bn\u0101 <strong>60\u201390 \u00b0C<\/strong> temperat\u016br\u0101. <strong>Tum\u0161us audumus mazg\u0101jiet 40 \u00b0C<\/strong>, <strong>kr\u0101sainus audumus 60 \u00b0C<\/strong> un <strong>baltus audumus 95 \u00b0C<\/strong> temperat\u016br\u0101. Lina izstr\u0101d\u0101jumiem <strong>vislab\u0101k neizmantot \u017e\u0101v\u0113t\u0101ju<\/strong>, jo \u017e\u0101v\u0113\u0161anas laik\u0101 tie saburz\u0101s, un \u013coti saburz\u012btus, sausus ap\u0123\u0113rbus ir gr\u016bti gludin\u0101t. <strong>Gludiniet ar karstu gludekli vai tvaiku l\u012bdz 220 \u00b0C.<\/strong><\/p>\n\n\n\n<p class=\"translation-block\">Lietojot <strong>lina dvie\u013cus<\/strong>, \u0146emiet v\u0113r\u0101, ka tie <strong>s\u0101kum\u0101 var slikti absorb\u0113t mitrumu<\/strong>; izmazg\u0101jiet tos p\u0101ris reizes, lai m\u012bkstin\u0101tu audumu. At\u0161\u0137ir\u012bb\u0101 no kokvilnas un citiem audumiem, <strong>net\u012brumi piel\u012bp pie lina, nevis ies\u016bcas <\/strong>, t\u0101p\u0113c tos ir viegl\u0101k izmazg\u0101t. Linam piem\u012bt ar\u012b <strong>pa\u0161att\u012br\u012b\u0161an\u0101s \u012bpa\u0161\u012bba<\/strong>, l\u012bdz\u012bgi k\u0101 vilnai, jo \u0161\u0137iedra neuzs\u016bc net\u012brumus dzi\u013ci sev\u012b.<\/p>\n\n\n\n<h1 class=\"wp-block-heading\">UZMAN\u012aBU!<\/h1>\n\n\n\n<p class=\"translation-block\"><strong>Tradicion\u0101ls (nem\u012bkstin\u0101ts) lina audums:<\/strong> lina \u0161\u0137iedrai ir <strong>lab\u0101ka gaismas iztur\u012bba nek\u0101 kokvilnai<\/strong>, bet <strong>tie\u0161os saules staros<\/strong> t\u0101 <strong>\u0101tri zaud\u0113 iztur\u012bbu<\/strong>; t\u0101p\u0113c <strong>ne\u017e\u0101v\u0113jiet tie\u0161os saules staros<\/strong>. Norm\u0101los apst\u0101k\u013cos lins absorb\u0113 aptuveni <strong>12% mitruma<\/strong>, t\u0101p\u0113c tas \u0101tri uz\u0146em mitrumu un \u0101tri to atdod (<strong>\u0101tri \u017e\u016bst<\/strong>). <strong>Audumi \u017e\u016bstot saraujas!<\/strong> Pirmaj\u0101 <strong>mazg\u0101\u0161anas<\/strong> reiz\u0113 audums var <strong>sarauties par 10 cm uz 1 m<\/strong>.<\/p>\n\n\n\n<p class=\"translation-block\"><strong>M\u012bkstin\u0101ta\/mazg\u0101ta ve\u013ca ar mar\u0137\u0113jumu \u201cstone wash\u201d:<\/strong> m\u012bkstin\u0101tai\/mazg\u0101tai ve\u013cai ir <strong>nedaudz kroko\u0161an\u0101s efekts<\/strong> un <strong>nav nepiecie\u0161ama gludin\u0101\u0161ana<\/strong>. To var mazg\u0101t ve\u013cas ma\u0161\u012bn\u0101 <strong>40\u201360 \u00b0C<\/strong> temperat\u016br\u0101 kop\u0101 ar citu ap\u0123\u0113rbu vai gultas ve\u013cu. Tehnolo\u0123isk\u0101 m\u012bkstin\u0101\u0161anas procesa laik\u0101 t\u0101 <strong>jau ir sarukusi<\/strong>, t\u0101p\u0113c <strong>t\u0101 vairs nesarausies<\/strong>.<\/p>","protected":false},"excerpt":{"rendered":"<p>CARE ADDITIONAL CARE INFORMATION Linen items are easy to care for \u2014 they may be washed at any temperature, even boiled; they dry quickly and may be ironed at any temperature, though they should be ironed after washing. Linen fabric is durable, absorbs moisture well, and dries fast. We recommend not washing linen by hand,<\/p>\n<div class=\"klb-readmore button link bordered uppercase\"><a class=\"btn btn-primary link\" href=\"https:\/\/linenleinen.com\/lv\/products-made-from-linen-fabric\/\">Read More <i class=\"klbth-icon-right-arrow\"><\/i><\/a><\/div>","protected":false},"author":1,"featured_media":0,"parent":0,"menu_order":0,"comment_status":"closed","ping_status":"closed","template":"","meta":{"_acf_changed":false,"footnotes":""},"class_list":["post-3135","page","type-page","status-publish","hentry"],"acf":[],"_links":{"self":[{"href":"https:\/\/linenleinen.com\/lv\/wp-json\/wp\/v2\/pages\/3135","targetHints":{"allow":["GET"]}}],"collection":[{"href":"https:\/\/linenleinen.com\/lv\/wp-json\/wp\/v2\/pages"}],"about":[{"href":"https:\/\/linenleinen.com\/lv\/wp-json\/wp\/v2\/types\/page"}],"author":[{"embeddable":true,"href":"https:\/\/linenleinen.com\/lv\/wp-json\/wp\/v2\/users\/1"}],"replies":[{"embeddable":true,"href":"https:\/\/linenleinen.com\/lv\/wp-json\/wp\/v2\/comments?post=3135"}],"version-history":[{"count":2,"href":"https:\/\/linenleinen.com\/lv\/wp-json\/wp\/v2\/pages\/3135\/revisions"}],"predecessor-version":[{"id":3141,"href":"https:\/\/linenleinen.com\/lv\/wp-json\/wp\/v2\/pages\/3135\/revisions\/3141"}],"wp:attachment":[{"href":"https:\/\/linenleinen.com\/lv\/wp-json\/wp\/v2\/media?parent=3135"}],"curies":[{"name":"wp","href":"https:\/\/api.w.org\/{rel}","templated":true}]}}