{"id":3134,"date":"2025-11-06T18:54:19","date_gmt":"2025-11-06T18:54:19","guid":{"rendered":"https:\/\/linenleinen.com\/?page_id=3134"},"modified":"2025-11-06T19:02:34","modified_gmt":"2025-11-06T19:02:34","slug":"products-with-sheeps-wool-filling","status":"publish","type":"page","link":"https:\/\/linenleinen.com\/lv\/products-with-sheeps-wool-filling\/","title":{"rendered":"Izstr\u0101d\u0101jumi ar aitas vilnas pild\u012bjumu"},"content":{"rendered":"<h1 class=\"wp-block-heading\">APR\u016aPE<\/h1>\n\n\n\n<ul class=\"wp-block-list\">\n<li class=\"translation-block\"><strong>Mazg\u0101t ar rok\u0101m vai ve\u013cas ma\u0161\u012bn\u0101, izmantojot roku\/vilnas mazg\u0101\u0161anas re\u017e\u012bmu<\/strong>, ja nepiecie\u0161ams, izmantojot <strong>vilnai draudz\u012bgu mazg\u0101\u0161anas l\u012bdzekli ar lanol\u012bnu<\/strong>.<\/li>\n\n\n\n<li class=\"translation-block\"><strong>Neizmantojiet centrif\u016bgas ciklu<\/strong> un <strong>ne\u017e\u0101v\u0113jiet ve\u013cas \u017e\u0101v\u0113t\u0101j\u0101<\/strong>.<\/li>\n\n\n\n<li><strong>Maksim\u0101l\u0101 mazg\u0101\u0161anas temperat\u016bra: 30 \u00b0C.<\/strong><\/li>\n\n\n\n<li class=\"translation-block\">\u017d\u0101v\u0113jiet horizont\u0101li (izl\u012bdzino\u0161i).<\/li>\n\n\n\n<li class=\"translation-block\"><strong>\u017d\u0101v\u0113t \u0101r\u0101<\/strong>, ide\u0101l\u0101 gad\u012bjum\u0101 <strong>br\u0101zm\u0101<\/strong>; <strong>ne\u017e\u0101v\u0113t tie\u0161os saules staros<\/strong>.<\/li>\n<\/ul>\n\n\n\n<h1 class=\"wp-block-heading\">PAPILDINFORM\u0100CIJA PAR APR\u016aPI<\/h1>\n\n\n\n<p class=\"translation-block\">Aitas vilna sast\u0101v no dab\u012bg\u0101m \u0161\u0137iedr\u0101m, kas satur <strong>lanol\u012bnu<\/strong>. T\u0101p\u0113c no aitas vilnas izgatavoti izstr\u0101d\u0101jumi j\u0101kopj ar <strong>piem\u0113rotiem vilnas mazg\u0101\u0161anas l\u012bdzek\u013ciem<\/strong>, v\u0113lams, <strong>bez sp\u0113c\u012bg\u0101m \u0137\u012bmisk\u0101m viel\u0101m<\/strong>. <strong>(Piez\u012bme: \u0137\u012bmisk\u0101 t\u012br\u012b\u0161ana izn\u012bcina viln\u0101 eso\u0161o lanol\u012bnu.)<\/strong> Ar lanol\u012bnu apstr\u0101d\u0101ta vilna rada <strong>nelabv\u0113l\u012bgu vidI  putek\u013cu \u0113rc\u012bt\u0113m<\/strong>. Vilna ir <strong>elast\u012bga<\/strong> un tai piem\u012bt <strong>pa\u0161att\u012br\u012b\u0161an\u0101s<\/strong>, t\u0101p\u0113c <strong>nav nepiecie\u0161ama bie\u017ei mazg\u0101t.<\/strong><\/p>\n\n\n\n<p class=\"translation-block\">Lieliem <strong>izstr\u0101d\u0101jumiem<\/strong> (seg\u0101m, spilveniem, gultas p\u0101rkl\u0101jiem u.c.) vislab\u0101k veikt kop\u0161anu <strong>vasar\u0101<\/strong>, jo tad \u017e\u0101v\u0113\u0161ana ir daudz viegl\u0101ka. M\u0113s iesak\u0101m <strong>\u017e\u0101v\u0113t \u0101r\u0101<\/strong>, ide\u0101li \u2013 <strong>caurv\u0113j\u0101<\/strong>. <strong>Nev\u0113diniet un ne\u017e\u0101v\u0113jiet tie\u0161os saules staros.<\/strong><\/p>\n\n\n\n<h1 class=\"wp-block-heading\">UZMAN\u012aBU!<\/h1>\n\n\n\n<p class=\"translation-block\">L\u016bdzu, \u0146emiet v\u0113r\u0101, ka izstr\u0101d\u0101jumiem ar <strong>vilnas pild\u012bjumu<\/strong> var b\u016bt rakstur\u012bga <strong>dabiska vilnas smar\u017ea<\/strong>, kas var b\u016bt gan v\u0101j\u0101ka, gan sp\u0113c\u012bg\u0101ka. Ja smar\u017ea \u0161\u0137iet p\u0101r\u0101k izteikta, <strong>v\u0113diniet izstr\u0101d\u0101jumu saus\u0101 vid\u0113<\/strong>, v\u0113lams <strong>\u0101r\u0101<\/strong>. Cilv\u0113kiem ar <strong>\u012bpa\u0161i jut\u012bgu o\u017eu<\/strong> <strong>vilnas izstr\u0101d\u0101jumi nav ieteicami<\/strong>.<\/p>","protected":false},"excerpt":{"rendered":"<p>CARE ADDITIONAL CARE INFORMATION Sheep\u2019s wool consists of natural fibres that contain lanolin. Therefore, products made of sheep\u2019s wool should be cared for with suitable wool detergents, preferably free of harsh chemicals. (Note: dry cleaning destroys the lanolin in wool.)Lanolin-treated wool creates an environment unfavourable to dust mites. Wool is elastic and has a self-cleaning<\/p>\n<div class=\"klb-readmore button link bordered uppercase\"><a class=\"btn btn-primary link\" href=\"https:\/\/linenleinen.com\/lv\/products-with-sheeps-wool-filling\/\">Read More <i class=\"klbth-icon-right-arrow\"><\/i><\/a><\/div>","protected":false},"author":1,"featured_media":0,"parent":0,"menu_order":0,"comment_status":"closed","ping_status":"closed","template":"","meta":{"_acf_changed":false,"footnotes":""},"class_list":["post-3134","page","type-page","status-publish","hentry"],"acf":[],"_links":{"self":[{"href":"https:\/\/linenleinen.com\/lv\/wp-json\/wp\/v2\/pages\/3134","targetHints":{"allow":["GET"]}}],"collection":[{"href":"https:\/\/linenleinen.com\/lv\/wp-json\/wp\/v2\/pages"}],"about":[{"href":"https:\/\/linenleinen.com\/lv\/wp-json\/wp\/v2\/types\/page"}],"author":[{"embeddable":true,"href":"https:\/\/linenleinen.com\/lv\/wp-json\/wp\/v2\/users\/1"}],"replies":[{"embeddable":true,"href":"https:\/\/linenleinen.com\/lv\/wp-json\/wp\/v2\/comments?post=3134"}],"version-history":[{"count":2,"href":"https:\/\/linenleinen.com\/lv\/wp-json\/wp\/v2\/pages\/3134\/revisions"}],"predecessor-version":[{"id":3142,"href":"https:\/\/linenleinen.com\/lv\/wp-json\/wp\/v2\/pages\/3134\/revisions\/3142"}],"wp:attachment":[{"href":"https:\/\/linenleinen.com\/lv\/wp-json\/wp\/v2\/media?parent=3134"}],"curies":[{"name":"wp","href":"https:\/\/api.w.org\/{rel}","templated":true}]}}