{"id":2677,"date":"2024-02-21T07:42:40","date_gmt":"2024-02-21T07:42:40","guid":{"rendered":"https:\/\/klbtheme.com\/djewno\/?page_id=2677"},"modified":"2024-02-21T07:42:40","modified_gmt":"2024-02-21T07:42:40","slug":"terms-and-conditions","status":"publish","type":"page","link":"https:\/\/linenleinen.com\/lv\/terms-and-conditions\/","title":{"rendered":"Noteikumi un nosac\u012bjumi"},"content":{"rendered":"<style>.elementor-2677 .elementor-element.elementor-element-4a18ef2{--display:flex;--flex-direction:row;--container-widget-width:initial;--container-widget-height:100%;--container-widget-flex-grow:1;--container-widget-align-self:stretch;--flex-wrap-mobile:wrap;--gap:0px 0px;--row-gap:0px;--column-gap:0px;--padding-top:20px;--padding-bottom:0px;--padding-left:0px;--padding-right:0px;}.elementor-2677 .elementor-element.elementor-element-2f52843{--display:flex;--flex-direction:column;--container-widget-width:100%;--container-widget-height:initial;--container-widget-flex-grow:0;--container-widget-align-self:initial;--flex-wrap-mobile:wrap;}.elementor-2677 .elementor-element.elementor-element-1add06a .elementor-heading-title{line-height:1.5em;}.elementor-2677 .elementor-element.elementor-element-5a211c9{--display:flex;--flex-direction:row;--container-widget-width:initial;--container-widget-height:100%;--container-widget-flex-grow:1;--container-widget-align-self:stretch;--flex-wrap-mobile:wrap;--gap:0px 0px;--row-gap:0px;--column-gap:0px;}.elementor-2677 .elementor-element.elementor-element-0aa658b{--display:flex;--flex-direction:column;--container-widget-width:100%;--container-widget-height:initial;--container-widget-flex-grow:0;--container-widget-align-self:initial;--flex-wrap-mobile:wrap;}.elementor-2677 .elementor-element.elementor-element-054c02f{line-height:1.5em;}.elementor-2677 .elementor-element.elementor-element-14f257c{--display:flex;--flex-direction:row;--container-widget-width:initial;--container-widget-height:100%;--container-widget-flex-grow:1;--container-widget-align-self:stretch;--flex-wrap-mobile:wrap;--gap:0px 0px;--row-gap:0px;--column-gap:0px;}.elementor-2677 .elementor-element.elementor-element-b17836a{--display:flex;--flex-direction:column;--container-widget-width:100%;--container-widget-height:initial;--container-widget-flex-grow:0;--container-widget-align-self:initial;--flex-wrap-mobile:wrap;}.elementor-2677 .elementor-element.elementor-element-e37c984{line-height:1.5em;}body.elementor-page-2677 .container{max-width:1520px;}body.elementor-page-2677 .elementor-section.elementor-section-boxed>.elementor-container{max-width:1520px;}body.elementor-page-2677 .e-con>.e-con-inner{max-width:1520px;}@media(min-width:768px){.elementor-2677 .elementor-element.elementor-element-2f52843{--width:100%;}.elementor-2677 .elementor-element.elementor-element-0aa658b{--width:100%;}.elementor-2677 .elementor-element.elementor-element-b17836a{--width:100%;}}<\/style>\t\t<div data-elementor-type=\"wp-page\" data-elementor-id=\"2677\" class=\"elementor elementor-2677\" data-elementor-post-type=\"page\">\n\t\t\t\t<div class=\"elementor-element elementor-element-4a18ef2 e-flex e-con-boxed e-con e-parent\" data-id=\"4a18ef2\" data-element_type=\"container\">\n\t\t\t\t\t<div class=\"e-con-inner\">\n\t\t<div class=\"elementor-element elementor-element-2f52843 e-con-full e-flex e-con e-child\" data-id=\"2f52843\" data-element_type=\"container\">\n\t\t\t\t<div class=\"elementor-element elementor-element-4d99e94 elementor-widget elementor-widget-heading\" data-id=\"4d99e94\" data-element_type=\"widget\" data-widget_type=\"heading.default\">\n\t\t\t\t<div class=\"elementor-widget-container\">\n\t\t\t\t\t<h3 class=\"elementor-heading-title elementor-size-default\">M\u016bsu noteikumi un nosac\u012bjumi\n<\/h3>\t\t\t\t<\/div>\n\t\t\t\t<\/div>\n\t\t\t\t<div class=\"elementor-element elementor-element-1add06a elementor-widget elementor-widget-heading\" data-id=\"1add06a\" data-element_type=\"widget\" data-widget_type=\"heading.default\">\n\t\t\t\t<div class=\"elementor-widget-container\">\n\t\t\t\t\t<p class=\"elementor-heading-title elementor-size-default\">Ir sen zin\u0101ms fakts, ka las\u012bt\u0101ja uzman\u012bbu nov\u0113rs\u012bs lapas las\u0101mais saturs, apl\u016bkojot t\u0101s izk\u0101rtojumu. Lorem Ipsum izmanto\u0161anas j\u0113ga ir t\u0101da, ka tam ir vair\u0101k vai maz\u0101k norm\u0101ls burtu sadal\u012bjums, at\u0161\u0137ir\u012bb\u0101 no \u201cSaturs \u0161eit, saturs \u0161eit\u201d, kas liek tam izskat\u012bties p\u0113c las\u0101mas ang\u013cu valodas. Daudzas datorizdevniec\u012bbas pakotnes un t\u012bmek\u013ca lapu redaktori tagad izmanto Lorem Ipsum k\u0101 noklus\u0113juma mode\u013ca tekstu, un mekl\u0113jot \u201clorem ipsum\u201d, var atrast daudzas t\u012bmek\u013ca vietnes, kas v\u0113l ir pa\u0161os pirms\u0101kumos. Gadu gait\u0101 ir att\u012bst\u012bju\u0161\u0101s da\u017e\u0101das versijas, da\u017ereiz nejau\u0161i, da\u017ereiz ar apzin\u0101tu humora piejaukumu un taml\u012bdz\u012bgi. Ir pieejamas daudzas Lorem Ipsum fragmentu vari\u0101cijas, ta\u010du liel\u0101k\u0101 da\u013ca no t\u0101m ir kaut k\u0101d\u0101 veid\u0101 p\u0101rveidotas, piem\u0113ram, ar humora piejaukumu vai nejau\u0161i izv\u0113l\u0113tiem v\u0101rdiem, kas neizskat\u0101s pat nedaudz ticami. Ja gras\u0101ties izmantot Lorem Ipsum fragmentu, jums j\u0101p\u0101rliecin\u0101s, ka teksta vid\u016b nav pasl\u0113pts nekas mulsino\u0161s.\n<\/p>\t\t\t\t<\/div>\n\t\t\t\t<\/div>\n\t\t\t\t<\/div>\n\t\t\t\t\t<\/div>\n\t\t\t\t<\/div>\n\t\t<div class=\"elementor-element elementor-element-5a211c9 e-flex e-con-boxed e-con e-parent\" data-id=\"5a211c9\" data-element_type=\"container\">\n\t\t\t\t\t<div class=\"e-con-inner\">\n\t\t<div class=\"elementor-element elementor-element-0aa658b e-con-full e-flex e-con e-child\" data-id=\"0aa658b\" data-element_type=\"container\">\n\t\t\t\t<div class=\"elementor-element elementor-element-ef9d417 elementor-widget elementor-widget-heading\" data-id=\"ef9d417\" data-element_type=\"widget\" data-widget_type=\"heading.default\">\n\t\t\t\t<div class=\"elementor-widget-container\">\n\t\t\t\t\t<h3 class=\"elementor-heading-title elementor-size-default\">Koment\u0101ri<\/h3>\t\t\t\t<\/div>\n\t\t\t\t<\/div>\n\t\t\t\t<div class=\"elementor-element elementor-element-054c02f elementor-widget elementor-widget-text-editor\" data-id=\"054c02f\" data-element_type=\"widget\" data-widget_type=\"text-editor.default\">\n\t\t\t\t<div class=\"elementor-widget-container\">\n\t\t\t\t\t\t\t\t\tIt is a long established fact that a reader will be distracted by the readable content of a page when looking at its layout. The point of using Lorem Ipsum is that it has a more-or-less normal distribution of letters, as opposed to using \u2018Content here, content here\u2019, making it look like readable English. Many desktop publishing packages and web page editors now use Lorem Ipsum as their default model text, and a search for \u2018lorem ipsum\u2019 will uncover many web sites still in their infancy. Various versions have evolved over the years, sometimes by accident, sometimes on purpose injected humour and the like\n<ol>\n \t<li>Ut enim ad minima veniam, quis nostrum exercitationem ullam corporis suscipit laboriosam, nisi ut aliquid ex ea commodi consequatur<\/li>\n \t<li>Quis autem vel eum iure reprehenderit qui in ea voluptate velit esse quam nihil molestiae consequatur, vel illum qui dolorem eum fugiat quo voluptas nulla pariatur<\/li>\n \t<li>Et harum quidem rerum facilis est et expedita distinctio. Nam libero tempore, cum soluta nobis est eligendi optio cumque nihil impedit quo minus id quod maxime placeat facere possimus, omnis voluptas assumenda est, omnis dolor repellendus.<\/li>\n \t<li>Temporibus autem quibusdam et aut officiis debitis aut rerum necessitatibus saepe eveniet ut et voluptates repudiandae sint et molestiae non recusandae.<\/li>\n<\/ol>\nThere are many variations of passages of Lorem Ipsum available, but the majority have suffered alteration in some form, by injected humour, or randomised words which don\u2019t look even slightly believable. If you are going to use a passage of Lorem Ipsum, you need to be sure there isn\u2019t anything embarrassing hidden in the middle of text.\t\t\t\t\t\t\t\t<\/div>\n\t\t\t\t<\/div>\n\t\t\t\t<\/div>\n\t\t\t\t\t<\/div>\n\t\t\t\t<\/div>\n\t\t<div class=\"elementor-element elementor-element-14f257c e-flex e-con-boxed e-con e-parent\" data-id=\"14f257c\" data-element_type=\"container\">\n\t\t\t\t\t<div class=\"e-con-inner\">\n\t\t<div class=\"elementor-element elementor-element-b17836a e-con-full e-flex e-con e-child\" data-id=\"b17836a\" data-element_type=\"container\">\n\t\t\t\t<div class=\"elementor-element elementor-element-76b629a elementor-widget elementor-widget-heading\" data-id=\"76b629a\" data-element_type=\"widget\" data-widget_type=\"heading.default\">\n\t\t\t\t<div class=\"elementor-widget-container\">\n\t\t\t\t\t<h3 class=\"elementor-heading-title elementor-size-default\">K\u0101p\u0113c m\u0113s to lietojam?<\/h3>\t\t\t\t<\/div>\n\t\t\t\t<\/div>\n\t\t\t\t<div class=\"elementor-element elementor-element-e37c984 elementor-widget elementor-widget-text-editor\" data-id=\"e37c984\" data-element_type=\"widget\" data-widget_type=\"text-editor.default\">\n\t\t\t\t<div class=\"elementor-widget-container\">\n\t\t\t\t\t\t\t\t\tContrary to popular belief, Lorem Ipsum is not simply random text. It has roots in a piece of classical Latin literature from 45 BC, making it over 2000 years old. Richard McClintock, a Latin professor at Hampden-Sydney College in Virginia, looked up one of the more obscure Latin words\n\nAll the Lorem Ipsum generators on the Internet tend to repeat predefined chunks as necessary, making this the first true generator on the Internet. It uses a dictionary of over 200 Latin words, combined with a handful of model sentence structures, to generate Lorem Ipsum which looks reasonable. The generated Lorem Ipsum is therefore always free from repetition, injected humour, or non-characteristic words etc.\n<ul>\n \t<li>Lorem ipsum dolor sit amet, consectetur adipiscing elit, sed do eiusmod tempor incididunt ut labore et dolore magna aliqua. Ut enim ad minim veniam, quis nostrud exercitation ullamco laboris nisi ut aliquip ex ea commodo consequat.<\/li>\n \t<li>Duis aute irure dolor in reprehenderit in voluptate velit esse cillum dolore eu fugiat nulla pariatur. Excepteur sint occaecat cupidatat non proident, sunt in culpa qui officia deserunt mollit anim id est laborum.<\/li>\n \t<li>No one rejects, dislikes, or avoids pleasure itself, because it is pleasure, but because those who do not know how to pursue pleasure rationally encounter consequences that are extremely painful.<\/li>\n<\/ul>\t\t\t\t\t\t\t\t<\/div>\n\t\t\t\t<\/div>\n\t\t\t\t<\/div>\n\t\t\t\t\t<\/div>\n\t\t\t\t<\/div>\n\t\t\t\t<\/div>","protected":false},"excerpt":{"rendered":"<p>Our Terms &#038; Conditions It is a long established fact that a reader will be distracted by the readable content of a page when looking at its layout. The point of using Lorem Ipsum is that it has a more-or-less normal distribution of letters, as opposed to using \u2018Content here, content here\u2019, making it look<\/p>\n<div class=\"klb-readmore button link bordered uppercase\"><a class=\"btn btn-primary link\" href=\"https:\/\/linenleinen.com\/lv\/terms-and-conditions\/\">Read More <i class=\"klbth-icon-right-arrow\"><\/i><\/a><\/div>","protected":false},"author":1,"featured_media":0,"parent":0,"menu_order":0,"comment_status":"closed","ping_status":"closed","template":"","meta":{"_acf_changed":false,"footnotes":""},"class_list":["post-2677","page","type-page","status-publish","hentry"],"acf":[],"_links":{"self":[{"href":"https:\/\/linenleinen.com\/lv\/wp-json\/wp\/v2\/pages\/2677","targetHints":{"allow":["GET"]}}],"collection":[{"href":"https:\/\/linenleinen.com\/lv\/wp-json\/wp\/v2\/pages"}],"about":[{"href":"https:\/\/linenleinen.com\/lv\/wp-json\/wp\/v2\/types\/page"}],"author":[{"embeddable":true,"href":"https:\/\/linenleinen.com\/lv\/wp-json\/wp\/v2\/users\/1"}],"replies":[{"embeddable":true,"href":"https:\/\/linenleinen.com\/lv\/wp-json\/wp\/v2\/comments?post=2677"}],"version-history":[{"count":0,"href":"https:\/\/linenleinen.com\/lv\/wp-json\/wp\/v2\/pages\/2677\/revisions"}],"wp:attachment":[{"href":"https:\/\/linenleinen.com\/lv\/wp-json\/wp\/v2\/media?parent=2677"}],"curies":[{"name":"wp","href":"https:\/\/api.w.org\/{rel}","templated":true}]}}