{"id":2672,"date":"2024-02-21T07:41:10","date_gmt":"2024-02-21T07:41:10","guid":{"rendered":"https:\/\/klbtheme.com\/djewno\/?page_id=2672"},"modified":"2025-11-30T18:55:23","modified_gmt":"2025-11-30T18:55:23","slug":"refund-and-returns-policy","status":"publish","type":"page","link":"https:\/\/linenleinen.com\/lv\/refund-and-returns-policy\/","title":{"rendered":"Refund and Returns Policy"},"content":{"rendered":"<style>.elementor-2672 .elementor-element.elementor-element-dedb806{--display:flex;--flex-direction:row;--container-widget-width:initial;--container-widget-height:100%;--container-widget-flex-grow:1;--container-widget-align-self:stretch;--flex-wrap-mobile:wrap;--gap:0px 0px;--row-gap:0px;--column-gap:0px;--padding-top:20px;--padding-bottom:0px;--padding-left:0px;--padding-right:0px;}.elementor-2672 .elementor-element.elementor-element-57e21cf{--display:flex;--flex-direction:column;--container-widget-width:100%;--container-widget-height:initial;--container-widget-flex-grow:0;--container-widget-align-self:initial;--flex-wrap-mobile:wrap;}body.elementor-page-2672 .container{max-width:1520px;}body.elementor-page-2672 .elementor-section.elementor-section-boxed>.elementor-container{max-width:1520px;}body.elementor-page-2672 .e-con>.e-con-inner{max-width:1520px;}@media(min-width:768px){.elementor-2672 .elementor-element.elementor-element-57e21cf{--width:100%;}}<\/style>\t\t<div data-elementor-type=\"wp-page\" data-elementor-id=\"2672\" class=\"elementor elementor-2672\" data-elementor-post-type=\"page\">\n\t\t\t\t<div class=\"elementor-element elementor-element-dedb806 e-flex e-con-boxed e-con e-parent\" data-id=\"dedb806\" data-element_type=\"container\">\n\t\t\t\t\t<div class=\"e-con-inner\">\n\t\t<div class=\"elementor-element elementor-element-57e21cf e-con-full e-flex e-con e-child\" data-id=\"57e21cf\" data-element_type=\"container\">\n\t\t\t\t<div class=\"elementor-element elementor-element-c882df5 elementor-widget elementor-widget-text-editor\" data-id=\"c882df5\" data-element_type=\"widget\" data-widget_type=\"text-editor.default\">\n\t\t\t\t<div class=\"elementor-widget-container\">\n\t\t\t\t\t\t\t\t\t<p><b>\u0160\u012b ir parauga lapa.<\/b><\/p>\n<p><!-- \/wp:paragraph --><!-- wp:paragraph --><\/p>\n<h3>P\u0101rskats<\/h3>\n<p><!-- \/wp:paragraph --><!-- wp:paragraph --><\/p>\n<p>M\u016bsu atmaksas un pre\u010du atgrie\u0161anas politika ir sp\u0113k\u0101 30 dienas. Ja kop\u0161 pirkuma ir pag\u0101ju\u0161as 30 dienas, m\u0113s nevaram pied\u0101v\u0101t pilnu atmaksu vai preces apmai\u0146u.<\/p>\n<p><!-- \/wp:paragraph --><!-- wp:paragraph --><\/p>\n<p>Lai preci var\u0113tu atgriezt, tai j\u0101b\u016bt nelietotai un t\u0101d\u0101 pa\u0161\u0101 st\u0101vokl\u012b, k\u0101d\u0101 to sa\u0146\u0113m\u0101t. Tai j\u0101b\u016bt ar\u012b ori\u0123in\u0101laj\u0101 iepakojum\u0101.<\/p>\n<p><!-- \/wp:paragraph --><!-- wp:paragraph --><\/p>\n<p>Vair\u0101ki pre\u010du veidi ir atbr\u012bvoti no atgrie\u0161anas. \u0100tri boj\u0101jo\u0161\u0101s preces, piem\u0113ram, p\u0101rtiku, ziedus, av\u012bzes vai \u017eurn\u0101lus, nevar atgriezt. M\u0113s ar\u012b nepie\u0146emam produktus, kas ir int\u012bmas vai higi\u0113nas preces, b\u012bstamus materi\u0101lus vai viegli uzliesmojo\u0161us \u0161\u0137idrumus vai g\u0101zes.<\/p>\n<p><!-- \/wp:paragraph --><!-- wp:paragraph --><\/p>\n<p>Papildu neatgrie\u017eam\u0101s preces:<\/p>\n<p><!-- \/wp:paragraph --><!-- wp:list --><\/p>\n<ul>\n<li>D\u0101vanu kartes<\/li>\n<\/ul>\n<p><!-- \/wp:list --><!-- wp:paragraph --><\/p>\n<p>Lai pabeigtu atgrie\u0161anu, mums ir nepiecie\u0161ams pirkuma \u010deks vai apliecin\u0101jums.<\/p>\n<p><!-- \/wp:paragraph --><!-- wp:paragraph --><\/p>\n<p>L\u016bdzu, nes\u016btiet savu pirkumu atpaka\u013c ra\u017eot\u0101jam.<\/p>\n<p><!-- \/wp:paragraph --><!-- wp:paragraph --><\/p>\n<p>Past\u0101v noteiktas situ\u0101cijas, kad tiek pie\u0161\u0137irta tikai da\u013c\u0113ja atmaksa:<\/p>\n<p><!-- \/wp:paragraph --><!-- wp:list --><\/p>\n<ul>\n<li>Jebkura prece, kas nav s\u0101kotn\u0113j\u0101 st\u0101vokl\u012b, ir boj\u0101ta vai tai tr\u016bkst deta\u013cu iemeslu d\u0113\u013c, kas nav saist\u012bti ar m\u016bsu k\u013c\u016bdu.<\/li>\n<li>Jebkura prece, kas tiek atgriezta v\u0113l\u0101k nek\u0101 30 dienas p\u0113c pieg\u0101des<\/li>\n<\/ul>\n<p><!-- \/wp:list --><!-- wp:paragraph --><\/p>\n<h2>\u00a0<\/h2>\n<h2>Atmaksas<\/h2>\n<p><!-- \/wp:paragraph --><!-- wp:paragraph --><\/p>\n<p>Kad j\u016bsu atgriezt\u0101 prece b\u016bs sa\u0146emta un p\u0101rbaud\u012bta, m\u0113s nos\u016bt\u012bsim jums e-pastu, lai pazi\u0146otu, ka esam sa\u0146\u0113mu\u0161i j\u016bsu atgriezto preci. M\u0113s ar\u012b inform\u0113sim j\u016bs par atmaksas apstiprin\u0101\u0161anu vai noraid\u012b\u0161anu.<\/p>\n<p><!-- \/wp:paragraph --><!-- wp:paragraph --><\/p>\n<p>Ja j\u016bsu piepras\u012bjums tiks apstiprin\u0101ts, j\u016bsu atmaksa tiks apstr\u0101d\u0101ta, un kred\u012bts tiks autom\u0101tiski ieskait\u012bts j\u016bsu kred\u012btkart\u0113 vai s\u0101kotn\u0113j\u0101 maks\u0101juma veid\u0101 noteikt\u0101 dienu skait\u0101.<\/p>\n<p><!-- \/wp:paragraph --><!-- wp:paragraph --><\/p>\n<p><b>Nokav\u0113tas vai tr\u016bksto\u0161as \u200b\u200batmaksas<\/b><\/p>\n<p><!-- \/wp:paragraph --><!-- wp:paragraph --><\/p>\n<p>Ja v\u0113l neesat sa\u0146\u0113mis atmaksu, vispirms v\u0113lreiz p\u0101rbaudiet savu bankas kontu.<\/p>\n<p><!-- \/wp:paragraph --><!-- wp:paragraph --><\/p>\n<p>P\u0113c tam sazinieties ar savu kred\u012btkar\u0161u komp\u0101niju; var paiet zin\u0101ms laiks, l\u012bdz j\u016bsu atmaksa tiks ofici\u0101li ieskait\u012bta.<\/p>\n<p><!-- \/wp:paragraph --><!-- wp:paragraph --><\/p>\n<p>P\u0113c tam sazinieties ar savu banku. Pirms atmaksas veik\u0161anas bie\u017ei vien ir nepiecie\u0161ams zin\u0101ms apstr\u0101des laiks.<\/p>\n<p><!-- \/wp:paragraph --><!-- wp:paragraph --><\/p>\n<p>Ja esat visu iepriek\u0161 min\u0113to izdar\u012bjis un joproj\u0101m neesat sa\u0146\u0113mis atmaksu, l\u016bdzu, sazinieties ar mums, izmantojot e-pasta adresi.<\/p>\n<p><!-- \/wp:paragraph --><!-- wp:paragraph --><\/p>\n<p><b>Izp\u0101rdo\u0161anas preces<\/b><\/p>\n<p><!-- \/wp:paragraph --><!-- wp:paragraph --><\/p>\n<p>Atmaksa iesp\u0113jama tikai par parast\u0101s cenas prec\u0113m. Atmaksa par izp\u0101rdo\u0161anas prec\u0113m netiek veikta.<\/p>\n<p><!-- \/wp:paragraph --><!-- wp:paragraph --><\/p>\n<h2>\u00a0<\/h2>\n<h2>Apmai\u0146as<\/h2>\n<p><!-- \/wp:paragraph --><!-- wp:paragraph --><\/p>\n<p>M\u0113s aizvietojam preces tikai tad, ja t\u0101s ir boj\u0101tas vai boj\u0101tas. Ja v\u0113laties apmain\u012bt preci pret t\u0101du pa\u0161u, rakstiet mums uz e-pasta adresi un nos\u016btiet preci uz fizisko adresi.<\/p>\n<p><!-- \/wp:paragraph --><!-- wp:paragraph --><\/p>\n<h2>\u00a0<\/h2>\n<h2>D\u0101vanas<\/h2>\n<p><!-- \/wp:paragraph --><!-- wp:paragraph --><\/p>\n<p>Ja prece ieg\u0101des br\u012bd\u012b bija atz\u012bm\u0113ta k\u0101 d\u0101vana un nos\u016bt\u012bta tie\u0161i jums, j\u016bs sa\u0146emsiet d\u0101vanu kred\u012btu atgriezt\u0101s preces v\u0113rt\u012bb\u0101. Kad atgriezt\u0101 prece b\u016bs sa\u0146emta, jums pa pastu tiks nos\u016bt\u012bts d\u0101vanu sertifik\u0101ts.<\/p>\n<p><!-- \/wp:paragraph --><!-- wp:paragraph --><\/p>\n<p>Ja prece ieg\u0101des br\u012bd\u012b nebija atz\u012bm\u0113ta k\u0101 d\u0101vana vai d\u0101vin\u0101t\u0101js pas\u016bt\u012bjums tika nos\u016bt\u012bts vi\u0146am pa\u0161am, lai to v\u0113l\u0101k uzd\u0101vin\u0101tu jums, m\u0113s nos\u016bt\u012bsim atmaksu d\u0101vin\u0101t\u0101jam, un vi\u0146\u0161 uzzin\u0101s par j\u016bsu atgrie\u0161anu.<\/p>\n<p><!-- \/wp:paragraph --><!-- wp:paragraph --><\/p>\n<h2>\u00a0<\/h2>\n<h2>Pieg\u0101des atgrie\u0161ana<\/h2>\n<p><!-- \/wp:paragraph --><!-- wp:paragraph --><\/p>\n<p>Lai atgrieztu preci, t\u0101 j\u0101nos\u016bta uz: fizisko adresi.<\/p>\n<p><!-- \/wp:paragraph --><!-- wp:paragraph --><\/p>\n<p>J\u016bs pats b\u016bsiet atbild\u012bgs par preces atgrie\u0161anas pieg\u0101des izmaks\u0101m. Pieg\u0101des izmaksas netiek atmaks\u0101tas. Ja sa\u0146emsiet atmaksu, atgrie\u0161anas pieg\u0101des izmaksas tiks atskait\u012btas no j\u016bsu atmaksas summas.<\/p>\n<p><!-- \/wp:paragraph --><!-- wp:paragraph --><\/p>\n<p>Atkar\u012bb\u0101 no j\u016bsu dz\u012bvesvietas laiks, l\u012bdz apmain\u012bt\u0101 prece non\u0101ks pie jums, var at\u0161\u0137irties.<\/p>\n<p><!-- \/wp:paragraph --><!-- wp:paragraph --><\/p>\n<p>Ja atgrie\u017eat d\u0101rg\u0101kas preces, varat apsv\u0113rt iesp\u0113ju izmantot pieg\u0101des pakalpojumu ar izseko\u0161anas iesp\u0113ju vai ieg\u0101d\u0101ties pieg\u0101des apdro\u0161in\u0101\u0161anu. M\u0113s negarant\u0113jam, ka sa\u0146emsim j\u016bsu atgriezto preci.<\/p>\n<p><!-- \/wp:paragraph --><!-- wp:paragraph --><\/p>\n<h2>\u00a0<\/h2>\n<h2>Vai nepiecie\u0161ama pal\u012bdz\u012bba?<\/h2>\n<p><!-- \/wp:paragraph --><!-- wp:paragraph --><\/p>\n<p>Jaut\u0101jumu gad\u012bjum\u0101 par pre\u010du atgrie\u0161anu un atmaksu, sazinieties ar mums pa e-pastu.<\/p>\t\t\t\t\t\t\t\t<\/div>\n\t\t\t\t<\/div>\n\t\t\t\t<\/div>\n\t\t\t\t\t<\/div>\n\t\t\t\t<\/div>\n\t\t\t\t<\/div>","protected":false},"excerpt":{"rendered":"<p>This is a sample page. Overview Our refund and returns policy lasts 30 days. If 30 days have passed since your purchase, we can\u2019t offer you a full refund or exchange. To be eligible for a return, your item must be unused and in the same condition that you received it. It must also be<\/p>\n<div class=\"klb-readmore button link bordered uppercase\"><a class=\"btn btn-primary link\" href=\"https:\/\/linenleinen.com\/lv\/refund-and-returns-policy\/\">Read More <i class=\"klbth-icon-right-arrow\"><\/i><\/a><\/div>","protected":false},"author":1,"featured_media":0,"parent":0,"menu_order":0,"comment_status":"closed","ping_status":"closed","template":"","meta":{"_acf_changed":false,"footnotes":""},"class_list":["post-2672","page","type-page","status-publish","hentry"],"acf":[],"_links":{"self":[{"href":"https:\/\/linenleinen.com\/lv\/wp-json\/wp\/v2\/pages\/2672","targetHints":{"allow":["GET"]}}],"collection":[{"href":"https:\/\/linenleinen.com\/lv\/wp-json\/wp\/v2\/pages"}],"about":[{"href":"https:\/\/linenleinen.com\/lv\/wp-json\/wp\/v2\/types\/page"}],"author":[{"embeddable":true,"href":"https:\/\/linenleinen.com\/lv\/wp-json\/wp\/v2\/users\/1"}],"replies":[{"embeddable":true,"href":"https:\/\/linenleinen.com\/lv\/wp-json\/wp\/v2\/comments?post=2672"}],"version-history":[{"count":9,"href":"https:\/\/linenleinen.com\/lv\/wp-json\/wp\/v2\/pages\/2672\/revisions"}],"predecessor-version":[{"id":3459,"href":"https:\/\/linenleinen.com\/lv\/wp-json\/wp\/v2\/pages\/2672\/revisions\/3459"}],"wp:attachment":[{"href":"https:\/\/linenleinen.com\/lv\/wp-json\/wp\/v2\/media?parent=2672"}],"curies":[{"name":"wp","href":"https:\/\/api.w.org\/{rel}","templated":true}]}}