{"id":2661,"date":"2024-02-21T07:35:34","date_gmt":"2024-02-21T07:35:34","guid":{"rendered":"https:\/\/klbtheme.com\/djewno\/?page_id=2661"},"modified":"2025-11-30T19:13:59","modified_gmt":"2025-11-30T19:13:59","slug":"privacy-policy-2","status":"publish","type":"page","link":"https:\/\/linenleinen.com\/lv\/privacy-policy-2\/","title":{"rendered":"Konfidencialit\u0101tes politika"},"content":{"rendered":"<style>.elementor-2661 .elementor-element.elementor-element-69ceb49{--display:flex;--flex-direction:row;--container-widget-width:initial;--container-widget-height:100%;--container-widget-flex-grow:1;--container-widget-align-self:stretch;--flex-wrap-mobile:wrap;--gap:0px 0px;--row-gap:0px;--column-gap:0px;--margin-top:20px;--margin-bottom:0px;--margin-left:0px;--margin-right:0px;}.elementor-2661 .elementor-element.elementor-element-d92920a{--display:flex;--flex-direction:column;--container-widget-width:100%;--container-widget-height:initial;--container-widget-flex-grow:0;--container-widget-align-self:initial;--flex-wrap-mobile:wrap;}.elementor-2661 .elementor-element.elementor-element-c3dec89 .elementor-heading-title{font-weight:400;line-height:1.5em;}.elementor-2661 .elementor-element.elementor-element-6f82466{--display:flex;--flex-direction:row;--container-widget-width:initial;--container-widget-height:100%;--container-widget-flex-grow:1;--container-widget-align-self:stretch;--flex-wrap-mobile:wrap;--gap:0px 0px;--row-gap:0px;--column-gap:0px;}.elementor-2661 .elementor-element.elementor-element-e153022{--display:flex;--flex-direction:column;--container-widget-width:100%;--container-widget-height:initial;--container-widget-flex-grow:0;--container-widget-align-self:initial;--flex-wrap-mobile:wrap;}.elementor-2661 .elementor-element.elementor-element-2aa3e20 .elementor-heading-title{font-weight:400;line-height:1.5em;}.elementor-2661 .elementor-element.elementor-element-1bb88b9{--display:flex;--flex-direction:row;--container-widget-width:initial;--container-widget-height:100%;--container-widget-flex-grow:1;--container-widget-align-self:stretch;--flex-wrap-mobile:wrap;--gap:0px 0px;--row-gap:0px;--column-gap:0px;}.elementor-2661 .elementor-element.elementor-element-de00327{--display:flex;--flex-direction:column;--container-widget-width:100%;--container-widget-height:initial;--container-widget-flex-grow:0;--container-widget-align-self:initial;--flex-wrap-mobile:wrap;}.elementor-2661 .elementor-element.elementor-element-72cc4bf .elementor-heading-title{line-height:1.5em;}.elementor-2661 .elementor-element.elementor-element-e57d941{--display:flex;--flex-direction:row;--container-widget-width:initial;--container-widget-height:100%;--container-widget-flex-grow:1;--container-widget-align-self:stretch;--flex-wrap-mobile:wrap;--gap:0px 0px;--row-gap:0px;--column-gap:0px;}.elementor-2661 .elementor-element.elementor-element-d9a6a14{--display:flex;--flex-direction:column;--container-widget-width:100%;--container-widget-height:initial;--container-widget-flex-grow:0;--container-widget-align-self:initial;--flex-wrap-mobile:wrap;}.elementor-2661 .elementor-element.elementor-element-23f9509 .elementor-heading-title{line-height:1.5em;}.elementor-2661 .elementor-element.elementor-element-7719dd5{--display:flex;--flex-direction:row;--container-widget-width:initial;--container-widget-height:100%;--container-widget-flex-grow:1;--container-widget-align-self:stretch;--flex-wrap-mobile:wrap;--gap:0px 0px;--row-gap:0px;--column-gap:0px;}.elementor-2661 .elementor-element.elementor-element-d20f9cb{--display:flex;--flex-direction:column;--container-widget-width:100%;--container-widget-height:initial;--container-widget-flex-grow:0;--container-widget-align-self:initial;--flex-wrap-mobile:wrap;}.elementor-2661 .elementor-element.elementor-element-99281a7 .elementor-heading-title{line-height:1.5em;}.elementor-2661 .elementor-element.elementor-element-3921d0d{--display:flex;--flex-direction:row;--container-widget-width:initial;--container-widget-height:100%;--container-widget-flex-grow:1;--container-widget-align-self:stretch;--flex-wrap-mobile:wrap;--gap:0px 0px;--row-gap:0px;--column-gap:0px;}.elementor-2661 .elementor-element.elementor-element-85bdf8f{--display:flex;--flex-direction:column;--container-widget-width:100%;--container-widget-height:initial;--container-widget-flex-grow:0;--container-widget-align-self:initial;--flex-wrap-mobile:wrap;}.elementor-2661 .elementor-element.elementor-element-9ba0d14 .elementor-heading-title{line-height:1.5em;}.elementor-2661 .elementor-element.elementor-element-5b358b5{--display:flex;--flex-direction:row;--container-widget-width:initial;--container-widget-height:100%;--container-widget-flex-grow:1;--container-widget-align-self:stretch;--flex-wrap-mobile:wrap;--gap:0px 0px;--row-gap:0px;--column-gap:0px;}.elementor-2661 .elementor-element.elementor-element-4cab24f{--display:flex;--flex-direction:column;--container-widget-width:100%;--container-widget-height:initial;--container-widget-flex-grow:0;--container-widget-align-self:initial;--flex-wrap-mobile:wrap;}.elementor-2661 .elementor-element.elementor-element-490cbfa .elementor-heading-title{line-height:1.5em;}.elementor-2661 .elementor-element.elementor-element-a8730c9{--display:flex;--flex-direction:row;--container-widget-width:initial;--container-widget-height:100%;--container-widget-flex-grow:1;--container-widget-align-self:stretch;--flex-wrap-mobile:wrap;--gap:0px 0px;--row-gap:0px;--column-gap:0px;}.elementor-2661 .elementor-element.elementor-element-dc7d7fb{--display:flex;--flex-direction:column;--container-widget-width:100%;--container-widget-height:initial;--container-widget-flex-grow:0;--container-widget-align-self:initial;--flex-wrap-mobile:wrap;}.elementor-2661 .elementor-element.elementor-element-06d00e0 .elementor-heading-title{line-height:1.5em;}body.elementor-page-2661 .container{max-width:1520px;}body.elementor-page-2661 .elementor-section.elementor-section-boxed>.elementor-container{max-width:1520px;}body.elementor-page-2661 .e-con>.e-con-inner{max-width:1520px;}@media(min-width:768px){.elementor-2661 .elementor-element.elementor-element-d92920a{--width:100%;}.elementor-2661 .elementor-element.elementor-element-e153022{--width:100%;}.elementor-2661 .elementor-element.elementor-element-de00327{--width:100%;}.elementor-2661 .elementor-element.elementor-element-d9a6a14{--width:100%;}.elementor-2661 .elementor-element.elementor-element-d20f9cb{--width:100%;}.elementor-2661 .elementor-element.elementor-element-85bdf8f{--width:100%;}.elementor-2661 .elementor-element.elementor-element-4cab24f{--width:100%;}.elementor-2661 .elementor-element.elementor-element-dc7d7fb{--width:100%;}}<\/style>\t\t<div data-elementor-type=\"wp-page\" data-elementor-id=\"2661\" class=\"elementor elementor-2661\" data-elementor-post-type=\"page\">\n\t\t\t\t<div class=\"elementor-element elementor-element-69ceb49 e-flex e-con-boxed e-con e-parent\" data-id=\"69ceb49\" data-element_type=\"container\">\n\t\t\t\t\t<div class=\"e-con-inner\">\n\t\t<div class=\"elementor-element elementor-element-d92920a e-con-full e-flex e-con e-child\" data-id=\"d92920a\" data-element_type=\"container\">\n\t\t\t\t<div class=\"elementor-element elementor-element-1d4a153 elementor-widget elementor-widget-heading\" data-id=\"1d4a153\" data-element_type=\"widget\" data-widget_type=\"heading.default\">\n\t\t\t\t<div class=\"elementor-widget-container\">\n\t\t\t\t\t<h3 class=\"elementor-heading-title elementor-size-default\">Kas m\u0113s esam<\/h3>\t\t\t\t<\/div>\n\t\t\t\t<\/div>\n\t\t\t\t<div class=\"elementor-element elementor-element-c3dec89 elementor-widget elementor-widget-heading\" data-id=\"c3dec89\" data-element_type=\"widget\" data-widget_type=\"heading.default\">\n\t\t\t\t<div class=\"elementor-widget-container\">\n\t\t\t\t\t<p class=\"elementor-heading-title elementor-size-default\">M\u016bsu t\u012bmek\u013ca vietnes adrese ir: https:\/\/linenleinen.com<\/p>\t\t\t\t<\/div>\n\t\t\t\t<\/div>\n\t\t\t\t<\/div>\n\t\t\t\t\t<\/div>\n\t\t\t\t<\/div>\n\t\t<div class=\"elementor-element elementor-element-6f82466 e-flex e-con-boxed e-con e-parent\" data-id=\"6f82466\" data-element_type=\"container\">\n\t\t\t\t\t<div class=\"e-con-inner\">\n\t\t<div class=\"elementor-element elementor-element-e153022 e-con-full e-flex e-con e-child\" data-id=\"e153022\" data-element_type=\"container\">\n\t\t\t\t<div class=\"elementor-element elementor-element-cd723a8 elementor-widget elementor-widget-heading\" data-id=\"cd723a8\" data-element_type=\"widget\" data-widget_type=\"heading.default\">\n\t\t\t\t<div class=\"elementor-widget-container\">\n\t\t\t\t\t<h3 class=\"elementor-heading-title elementor-size-default\">Koment\u0101ri<\/h3>\t\t\t\t<\/div>\n\t\t\t\t<\/div>\n\t\t\t\t<div class=\"elementor-element elementor-element-2aa3e20 elementor-widget elementor-widget-heading\" data-id=\"2aa3e20\" data-element_type=\"widget\" data-widget_type=\"heading.default\">\n\t\t\t\t<div class=\"elementor-widget-container\">\n\t\t\t\t\t<p class=\"elementor-heading-title elementor-size-default\">Kad apmekl\u0113t\u0101ji vietn\u0113 atst\u0101j koment\u0101rus, m\u0113s apkopojam koment\u0101ru veidlap\u0101 redzamos datus, k\u0101 ar\u012b apmekl\u0113t\u0101ja IP adresi un p\u0101rl\u016bkprogrammas lietot\u0101ja a\u0123enta virkni, lai pal\u012bdz\u0113tu noteikt surog\u0101tpastu. Anonimiz\u0113ta virkne, kas izveidota no j\u016bsu e-pasta adreses (saukta ar\u012b par jauc\u0113jkodu), var tikt sniegta Gravatar pakalpojumam, lai redz\u0113tu, vai j\u016bs to izmantojat. Gravatar pakalpojuma priv\u0101tuma politika ir pieejama \u0161eit: https:\/\/automattic.com\/privacy\/. P\u0113c j\u016bsu koment\u0101ra apstiprin\u0101\u0161anas j\u016bsu profila att\u0113ls ir publiski redzams j\u016bsu koment\u0101ra kontekst\u0101.<\/p>\t\t\t\t<\/div>\n\t\t\t\t<\/div>\n\t\t\t\t<\/div>\n\t\t\t\t\t<\/div>\n\t\t\t\t<\/div>\n\t\t<div class=\"elementor-element elementor-element-1bb88b9 e-flex e-con-boxed e-con e-parent\" data-id=\"1bb88b9\" data-element_type=\"container\">\n\t\t\t\t\t<div class=\"e-con-inner\">\n\t\t<div class=\"elementor-element elementor-element-de00327 e-con-full e-flex e-con e-child\" data-id=\"de00327\" data-element_type=\"container\">\n\t\t\t\t<div class=\"elementor-element elementor-element-5131152 elementor-widget elementor-widget-heading\" data-id=\"5131152\" data-element_type=\"widget\" data-widget_type=\"heading.default\">\n\t\t\t\t<div class=\"elementor-widget-container\">\n\t\t\t\t\t<h3 class=\"elementor-heading-title elementor-size-default\">Mediji<\/h3>\t\t\t\t<\/div>\n\t\t\t\t<\/div>\n\t\t\t\t<div class=\"elementor-element elementor-element-72cc4bf elementor-widget elementor-widget-heading\" data-id=\"72cc4bf\" data-element_type=\"widget\" data-widget_type=\"heading.default\">\n\t\t\t\t<div class=\"elementor-widget-container\">\n\t\t\t\t\t<p class=\"elementor-heading-title elementor-size-default\">Ja aug\u0161upiel\u0101d\u0113jat att\u0113lus t\u012bmek\u013ca vietn\u0113, j\u0101izvair\u0101s no att\u0113lu aug\u0161upiel\u0101des ar iegultiem atra\u0161an\u0101s vietas datiem (EXIF GPS). T\u012bmek\u013ca vietnes apmekl\u0113t\u0101ji var lejupiel\u0101d\u0113t un ieg\u016bt jebk\u0101dus atra\u0161an\u0101s vietas datus no t\u012bmek\u013ca vietn\u0113 eso\u0161ajiem att\u0113liem.<\/p>\t\t\t\t<\/div>\n\t\t\t\t<\/div>\n\t\t\t\t<\/div>\n\t\t\t\t\t<\/div>\n\t\t\t\t<\/div>\n\t\t<div class=\"elementor-element elementor-element-e57d941 e-flex e-con-boxed e-con e-parent\" data-id=\"e57d941\" data-element_type=\"container\">\n\t\t\t\t\t<div class=\"e-con-inner\">\n\t\t<div class=\"elementor-element elementor-element-d9a6a14 e-con-full e-flex e-con e-child\" data-id=\"d9a6a14\" data-element_type=\"container\">\n\t\t\t\t<div class=\"elementor-element elementor-element-b3565d1 elementor-widget elementor-widget-heading\" data-id=\"b3565d1\" data-element_type=\"widget\" data-widget_type=\"heading.default\">\n\t\t\t\t<div class=\"elementor-widget-container\">\n\t\t\t\t\t<h3 class=\"elementor-heading-title elementor-size-default\">S\u012bkfaili<\/h3>\t\t\t\t<\/div>\n\t\t\t\t<\/div>\n\t\t\t\t<div class=\"elementor-element elementor-element-23f9509 elementor-widget elementor-widget-heading\" data-id=\"23f9509\" data-element_type=\"widget\" data-widget_type=\"heading.default\">\n\t\t\t\t<div class=\"elementor-widget-container\">\n\t\t\t\t\t<p class=\"elementor-heading-title elementor-size-default\">Ja atst\u0101jat koment\u0101ru m\u016bsu vietn\u0113, varat izv\u0113l\u0113ties saglab\u0101t savu v\u0101rdu, e-pasta adresi un vietni s\u012bkfailos. Tie ir paredz\u0113ti j\u016bsu \u0113rt\u012bbai, lai jums neb\u016btu atk\u0101rtoti j\u0101aizpilda savi dati, atst\u0101jot n\u0101kamo koment\u0101ru. \u0160ie s\u012bkfaili darbosies vienu gadu. Ja apmekl\u0113siet m\u016bsu pieteik\u0161an\u0101s lapu, m\u0113s iestat\u012bsim pagaidu s\u012bkfailu, lai noteiktu, vai j\u016bsu p\u0101rl\u016bkprogramma pie\u0146em s\u012bkfailus. \u0160aj\u0101 s\u012bkfail\u0101 nav personas datu un tas tiek dz\u0113sts, aizverot p\u0101rl\u016bkprogrammu. Kad piesak\u0101ties, m\u0113s ar\u012b iestat\u012bsim vair\u0101kus s\u012bkfailus, lai saglab\u0101tu j\u016bsu pieteik\u0161an\u0101s inform\u0101ciju un ekr\u0101na att\u0113lo\u0161anas izv\u0113les. Pieteik\u0161an\u0101s s\u012bkfaili darbojas divas dienas, bet ekr\u0101na opciju s\u012bkfaili - vienu gadu. Ja atlas\u012bsiet \u201cAtcer\u0113ties mani\u201d, j\u016bsu pieteik\u0161an\u0101s inform\u0101cija tiks saglab\u0101ta divas ned\u0113\u013cas. Ja izrakst\u012bsities no sava konta, pieteik\u0161an\u0101s s\u012bkfaili tiks no\u0146emti. Ja redi\u0123\u0113siet vai public\u0113siet rakstu, j\u016bsu p\u0101rl\u016bkprogramm\u0101 tiks saglab\u0101ts papildu s\u012bkfails. \u0160aj\u0101 s\u012bkfail\u0101 nav personas datu un tas vienk\u0101r\u0161i nor\u0101da tikko redi\u0123\u0113t\u0101 raksta ID. Tas beidzas p\u0113c 1 dienas.<\/p>\t\t\t\t<\/div>\n\t\t\t\t<\/div>\n\t\t\t\t<\/div>\n\t\t\t\t\t<\/div>\n\t\t\t\t<\/div>\n\t\t<div class=\"elementor-element elementor-element-7719dd5 e-flex e-con-boxed e-con e-parent\" data-id=\"7719dd5\" data-element_type=\"container\">\n\t\t\t\t\t<div class=\"e-con-inner\">\n\t\t<div class=\"elementor-element elementor-element-d20f9cb e-con-full e-flex e-con e-child\" data-id=\"d20f9cb\" data-element_type=\"container\">\n\t\t\t\t<div class=\"elementor-element elementor-element-70f751a elementor-widget elementor-widget-heading\" data-id=\"70f751a\" data-element_type=\"widget\" data-widget_type=\"heading.default\">\n\t\t\t\t<div class=\"elementor-widget-container\">\n\t\t\t\t\t<h3 class=\"elementor-heading-title elementor-size-default\">Iegults saturs no cit\u0101m t\u012bmek\u013ca vietn\u0113m<\/h3>\t\t\t\t<\/div>\n\t\t\t\t<\/div>\n\t\t\t\t<div class=\"elementor-element elementor-element-99281a7 elementor-widget elementor-widget-heading\" data-id=\"99281a7\" data-element_type=\"widget\" data-widget_type=\"heading.default\">\n\t\t\t\t<div class=\"elementor-widget-container\">\n\t\t\t\t\t<p class=\"elementor-heading-title elementor-size-default\">Ja atst\u0101jat koment\u0101ru m\u016bsu vietn\u0113, varat izv\u0113l\u0113ties saglab\u0101t savu v\u0101rdu, e-pasta adresi un vietni s\u012bkfailos. Tie ir paredz\u0113ti j\u016bsu \u0113rt\u012bbai, lai jums neb\u016btu atk\u0101rtoti j\u0101aizpilda savi dati, atst\u0101jot n\u0101kamo koment\u0101ru. \u0160ie s\u012bkfaili darbosies vienu gadu. Ja apmekl\u0113siet m\u016bsu pieteik\u0161an\u0101s lapu, m\u0113s iestat\u012bsim pagaidu s\u012bkfailu, lai noteiktu, vai j\u016bsu p\u0101rl\u016bkprogramma pie\u0146em s\u012bkfailus. \u0160aj\u0101 s\u012bkfail\u0101 nav personas datu un tas tiek dz\u0113sts, aizverot p\u0101rl\u016bkprogrammu. Kad piesak\u0101ties, m\u0113s ar\u012b iestat\u012bsim vair\u0101kus s\u012bkfailus, lai saglab\u0101tu j\u016bsu pieteik\u0161an\u0101s inform\u0101ciju un ekr\u0101na att\u0113lo\u0161anas izv\u0113les. Pieteik\u0161an\u0101s s\u012bkfaili darbojas divas dienas, bet ekr\u0101na opciju s\u012bkfaili - vienu gadu. Ja atlas\u012bsiet \u201cAtcer\u0113ties mani\u201d, j\u016bsu pieteik\u0161an\u0101s inform\u0101cija tiks saglab\u0101ta divas ned\u0113\u013cas. Ja izrakst\u012bsities no sava konta, pieteik\u0161an\u0101s s\u012bkfaili tiks no\u0146emti. Ja redi\u0123\u0113siet vai public\u0113siet rakstu, j\u016bsu p\u0101rl\u016bkprogramm\u0101 tiks saglab\u0101ts papildu s\u012bkfails. \u0160aj\u0101 s\u012bkfail\u0101 nav personas datu un tas vienk\u0101r\u0161i nor\u0101da tikko redi\u0123\u0113t\u0101 raksta ID. Tas beidzas p\u0113c 1 dienas.<\/p>\t\t\t\t<\/div>\n\t\t\t\t<\/div>\n\t\t\t\t<\/div>\n\t\t\t\t\t<\/div>\n\t\t\t\t<\/div>\n\t\t<div class=\"elementor-element elementor-element-3921d0d e-flex e-con-boxed e-con e-parent\" data-id=\"3921d0d\" data-element_type=\"container\">\n\t\t\t\t\t<div class=\"e-con-inner\">\n\t\t<div class=\"elementor-element elementor-element-85bdf8f e-con-full e-flex e-con e-child\" data-id=\"85bdf8f\" data-element_type=\"container\">\n\t\t\t\t<div class=\"elementor-element elementor-element-bd8f440 elementor-widget elementor-widget-heading\" data-id=\"bd8f440\" data-element_type=\"widget\" data-widget_type=\"heading.default\">\n\t\t\t\t<div class=\"elementor-widget-container\">\n\t\t\t\t\t<h3 class=\"elementor-heading-title elementor-size-default\">Ar ko m\u0113s kop\u012bgojam j\u016bsu datus<\/h3>\t\t\t\t<\/div>\n\t\t\t\t<\/div>\n\t\t\t\t<div class=\"elementor-element elementor-element-9ba0d14 elementor-widget elementor-widget-heading\" data-id=\"9ba0d14\" data-element_type=\"widget\" data-widget_type=\"heading.default\">\n\t\t\t\t<div class=\"elementor-widget-container\">\n\t\t\t\t\t<p class=\"elementor-heading-title elementor-size-default\">Ja piepras\u012bsiet paroles atiestat\u012b\u0161anu, j\u016bsu IP adrese tiks iek\u013cauta atiestat\u012b\u0161anas e-past\u0101.\n<\/p>\t\t\t\t<\/div>\n\t\t\t\t<\/div>\n\t\t\t\t<\/div>\n\t\t\t\t\t<\/div>\n\t\t\t\t<\/div>\n\t\t<div class=\"elementor-element elementor-element-5b358b5 e-flex e-con-boxed e-con e-parent\" data-id=\"5b358b5\" data-element_type=\"container\">\n\t\t\t\t\t<div class=\"e-con-inner\">\n\t\t<div class=\"elementor-element elementor-element-4cab24f e-con-full e-flex e-con e-child\" data-id=\"4cab24f\" data-element_type=\"container\">\n\t\t\t\t<div class=\"elementor-element elementor-element-d204098 elementor-widget elementor-widget-heading\" data-id=\"d204098\" data-element_type=\"widget\" data-widget_type=\"heading.default\">\n\t\t\t\t<div class=\"elementor-widget-container\">\n\t\t\t\t\t<h3 class=\"elementor-heading-title elementor-size-default\">Cik ilgi m\u0113s glab\u0101jam j\u016bsu datus<\/h3>\t\t\t\t<\/div>\n\t\t\t\t<\/div>\n\t\t\t\t<div class=\"elementor-element elementor-element-490cbfa elementor-widget elementor-widget-heading\" data-id=\"490cbfa\" data-element_type=\"widget\" data-widget_type=\"heading.default\">\n\t\t\t\t<div class=\"elementor-widget-container\">\n\t\t\t\t\t<p class=\"elementor-heading-title elementor-size-default\">Ja atst\u0101jat koment\u0101ru, koment\u0101rs un t\u0101 metadati tiek saglab\u0101ti uz nenoteiktu laiku. Tas ir nepiecie\u0161ams, lai m\u0113s var\u0113tu autom\u0101tiski atpaz\u012bt un apstiprin\u0101t visus turpm\u0101kos koment\u0101rus, nevis tur\u0113t tos moder\u0101cijas rind\u0101. Lietot\u0101jiem, kas re\u0123istr\u0113jas m\u016bsu t\u012bmek\u013ca vietn\u0113 (ja t\u0101di ir), m\u0113s ar\u012b saglab\u0101jam vi\u0146u sniegto personisko inform\u0101ciju vi\u0146u lietot\u0101ja profil\u0101. Visi lietot\u0101ji jebkur\u0101 laik\u0101 var skat\u012bt, redi\u0123\u0113t vai dz\u0113st savu personisko inform\u0101ciju (iz\u0146emot to, ka vi\u0146i nevar main\u012bt savu lietot\u0101jv\u0101rdu). Ar\u012b t\u012bmek\u013ca vietnes administratori var skat\u012bt un redi\u0123\u0113t \u0161o inform\u0101ciju.<\/p>\t\t\t\t<\/div>\n\t\t\t\t<\/div>\n\t\t\t\t<\/div>\n\t\t\t\t\t<\/div>\n\t\t\t\t<\/div>\n\t\t<div class=\"elementor-element elementor-element-a8730c9 e-flex e-con-boxed e-con e-parent\" data-id=\"a8730c9\" data-element_type=\"container\">\n\t\t\t\t\t<div class=\"e-con-inner\">\n\t\t<div class=\"elementor-element elementor-element-dc7d7fb e-con-full e-flex e-con e-child\" data-id=\"dc7d7fb\" data-element_type=\"container\">\n\t\t\t\t<div class=\"elementor-element elementor-element-dbf09d5 elementor-widget elementor-widget-heading\" data-id=\"dbf09d5\" data-element_type=\"widget\" data-widget_type=\"heading.default\">\n\t\t\t\t<div class=\"elementor-widget-container\">\n\t\t\t\t\t<h3 class=\"elementor-heading-title elementor-size-default\">K\u0101das ir j\u016bsu ties\u012bbas attiec\u012bb\u0101 uz j\u016bsu datiem<\/h3>\t\t\t\t<\/div>\n\t\t\t\t<\/div>\n\t\t\t\t<div class=\"elementor-element elementor-element-06d00e0 elementor-widget elementor-widget-heading\" data-id=\"06d00e0\" data-element_type=\"widget\" data-widget_type=\"heading.default\">\n\t\t\t\t<div class=\"elementor-widget-container\">\n\t\t\t\t\t<p class=\"elementor-heading-title elementor-size-default\">Apmekl\u0113t\u0101ju koment\u0101rus var p\u0101rbaud\u012bt, izmantojot automatiz\u0113tu surog\u0101tpasta noteik\u0161anas pakalpojumu.<\/p>\t\t\t\t<\/div>\n\t\t\t\t<\/div>\n\t\t\t\t<\/div>\n\t\t\t\t\t<\/div>\n\t\t\t\t<\/div>\n\t\t\t\t<\/div>","protected":false},"excerpt":{"rendered":"<p>Who we are\u200b\u200b Our website address is: https:\/\/linenleinen.com Comments When visitors leave comments on the site we collect the data shown in the comments form, and also the visitor\u2019s IP address and browser user agent string to help spam detection. An anonymized string created from your email address (also called a hash) may be provided<\/p>\n<div class=\"klb-readmore button link bordered uppercase\"><a class=\"btn btn-primary link\" href=\"https:\/\/linenleinen.com\/lv\/privacy-policy-2\/\">Read More <i class=\"klbth-icon-right-arrow\"><\/i><\/a><\/div>","protected":false},"author":1,"featured_media":0,"parent":0,"menu_order":0,"comment_status":"closed","ping_status":"closed","template":"","meta":{"_acf_changed":false,"footnotes":""},"class_list":["post-2661","page","type-page","status-publish","hentry"],"acf":[],"_links":{"self":[{"href":"https:\/\/linenleinen.com\/lv\/wp-json\/wp\/v2\/pages\/2661","targetHints":{"allow":["GET"]}}],"collection":[{"href":"https:\/\/linenleinen.com\/lv\/wp-json\/wp\/v2\/pages"}],"about":[{"href":"https:\/\/linenleinen.com\/lv\/wp-json\/wp\/v2\/types\/page"}],"author":[{"embeddable":true,"href":"https:\/\/linenleinen.com\/lv\/wp-json\/wp\/v2\/users\/1"}],"replies":[{"embeddable":true,"href":"https:\/\/linenleinen.com\/lv\/wp-json\/wp\/v2\/comments?post=2661"}],"version-history":[{"count":3,"href":"https:\/\/linenleinen.com\/lv\/wp-json\/wp\/v2\/pages\/2661\/revisions"}],"predecessor-version":[{"id":3462,"href":"https:\/\/linenleinen.com\/lv\/wp-json\/wp\/v2\/pages\/2661\/revisions\/3462"}],"wp:attachment":[{"href":"https:\/\/linenleinen.com\/lv\/wp-json\/wp\/v2\/media?parent=2661"}],"curies":[{"name":"wp","href":"https:\/\/api.w.org\/{rel}","templated":true}]}}