{"id":2656,"date":"2024-02-21T07:33:13","date_gmt":"2024-02-21T07:33:13","guid":{"rendered":"https:\/\/klbtheme.com\/djewno\/?page_id=2656"},"modified":"2024-02-21T07:33:13","modified_gmt":"2024-02-21T07:33:13","slug":"order-tracking","status":"publish","type":"page","link":"https:\/\/linenleinen.com\/lv\/order-tracking\/","title":{"rendered":"Pas\u016bt\u012bjumu izseko\u0161ana"},"content":{"rendered":"<style>.elementor-2656 .elementor-element.elementor-element-32d8dae{--display:flex;--flex-direction:row;--container-widget-width:initial;--container-widget-height:100%;--container-widget-flex-grow:1;--container-widget-align-self:stretch;--flex-wrap-mobile:wrap;--gap:0px 0px;--row-gap:0px;--column-gap:0px;--padding-top:40px;--padding-bottom:0px;--padding-left:0px;--padding-right:0px;}.elementor-2656 .elementor-element.elementor-element-282ba08{--display:flex;--flex-direction:column;--container-widget-width:100%;--container-widget-height:initial;--container-widget-flex-grow:0;--container-widget-align-self:initial;--flex-wrap-mobile:wrap;}body.elementor-page-2656 .container{max-width:1520px;}body.elementor-page-2656 .elementor-section.elementor-section-boxed>.elementor-container{max-width:1520px;}body.elementor-page-2656 .e-con>.e-con-inner{max-width:1520px;}@media(min-width:768px){.elementor-2656 .elementor-element.elementor-element-282ba08{--width:100%;}}<\/style>\t\t<div data-elementor-type=\"wp-page\" data-elementor-id=\"2656\" class=\"elementor elementor-2656\" data-elementor-post-type=\"page\">\n\t\t\t\t<div class=\"elementor-element elementor-element-32d8dae e-flex e-con-boxed e-con e-parent\" data-id=\"32d8dae\" data-element_type=\"container\">\n\t\t\t\t\t<div class=\"e-con-inner\">\n\t\t<div class=\"elementor-element elementor-element-282ba08 e-con-full e-flex e-con e-child\" data-id=\"282ba08\" data-element_type=\"container\">\n\t\t\t\t<div class=\"elementor-element elementor-element-413111d elementor-widget elementor-widget-shortcode\" data-id=\"413111d\" data-element_type=\"widget\" data-widget_type=\"shortcode.default\">\n\t\t\t\t<div class=\"elementor-widget-container\">\n\t\t\t\t\t\t\t<div class=\"elementor-shortcode\"><div class=\"woocommerce\"><\/div><\/div>\n\t\t\t\t\t\t<\/div>\n\t\t\t\t<\/div>\n\t\t\t\t<\/div>\n\t\t\t\t\t<\/div>\n\t\t\t\t<\/div>\n\t\t\t\t<\/div>","protected":false},"excerpt":{"rendered":"","protected":false},"author":1,"featured_media":0,"parent":0,"menu_order":0,"comment_status":"closed","ping_status":"closed","template":"","meta":{"_acf_changed":false,"footnotes":""},"class_list":["post-2656","page","type-page","status-publish","hentry"],"acf":[],"_links":{"self":[{"href":"https:\/\/linenleinen.com\/lv\/wp-json\/wp\/v2\/pages\/2656","targetHints":{"allow":["GET"]}}],"collection":[{"href":"https:\/\/linenleinen.com\/lv\/wp-json\/wp\/v2\/pages"}],"about":[{"href":"https:\/\/linenleinen.com\/lv\/wp-json\/wp\/v2\/types\/page"}],"author":[{"embeddable":true,"href":"https:\/\/linenleinen.com\/lv\/wp-json\/wp\/v2\/users\/1"}],"replies":[{"embeddable":true,"href":"https:\/\/linenleinen.com\/lv\/wp-json\/wp\/v2\/comments?post=2656"}],"version-history":[{"count":0,"href":"https:\/\/linenleinen.com\/lv\/wp-json\/wp\/v2\/pages\/2656\/revisions"}],"wp:attachment":[{"href":"https:\/\/linenleinen.com\/lv\/wp-json\/wp\/v2\/media?parent=2656"}],"curies":[{"name":"wp","href":"https:\/\/api.w.org\/{rel}","templated":true}]}}